{"id":1278,"date":"2020-03-23T20:39:28","date_gmt":"2020-03-23T20:39:28","guid":{"rendered":"http:\/\/www.sitrack.cl\/portal\/?page_id=1278"},"modified":"2022-09-07T13:56:43","modified_gmt":"2022-09-07T13:56:43","slug":"soluciones","status":"publish","type":"page","link":"https:\/\/www.sitrack.cl\/portal\/soluciones\/","title":{"rendered":"SOLUCIONES 2020"},"content":{"rendered":"<p>[vc_row el_class=&#8221;boxer&#8221; el_id=&#8221;SOLUCIONES&#8221;][vc_column][vc_row_inner][vc_column_inner width=&#8221;1\/6&#8243;][\/vc_column_inner][vc_column_inner width=&#8221;2\/3&#8243;][vc_column_text]<\/p>\n<h1>SOLUCIONES<\/h1>\n<p>Tenemos una amplia gama de servicios y soluciones tecnol\u00f3gicas dise\u00f1adas para mejorar la gesti\u00f3n, seguridad, eficiencia y control en empresas de transporte y log\u00edstica.<br \/>\n<strong>\u00a1M\u00e1s de 20 a\u00f1os de experiencia nos respaldan!<\/strong>[\/vc_column_text][vc_raw_html]JTNDZGl2JTNFJTBBJTNDYSUyMGNsYXNzJTNEJTIyYnRuLW1lJTIyJTIwaHJlZiUzRCUyMiUyM01PTklUT1JFTy1TQVRFTElUQUwtSU5URUxJR0VOVEUlMjIlM0UlMEElM0NpbWclMjBjbGFzcyUzRCUyMmltZyUyMiUyMHN0eWxlJTNEJTIyd2lkdGglM0ElMjAxMDBweCUzQiUyMiUyMHNyYyUzRCUyMmh0dHBzJTNBJTJGJTJGd3d3LnNpdHJhY2suY2wlMkZwb3J0YWwlMkZ3cC1jb250ZW50JTJGdGhlbWVzJTJGc2l0cmFjay0yMDIwJTJGaW1nJTJGTU9OSVRPUkVPLnN2ZyUyMiUyMGFsdCUzRCUyMm1pc2lvbiUyMiUzRSUwQSUzQ2IlM0VNT05JVE9SRU8lM0NiciUzRSUyMFNBVEVMSVRBTCUzQyUyRmIlM0UlMEElM0MlMkZhJTNFJTBBJTBBJTNDYSUyMGNsYXNzJTNEJTIyYnRuLW1lJTIyJTIwaHJlZiUzRCUyMiUyM0NPTlRST0wtREUtVVNPLVktUk9CTy1ERS1DT01CVVNUSUJMRSUyMiUzRSUwQSUzQ2ltZyUyMGNsYXNzJTNEJTIyaW1nJTIyJTIwc3JjJTNEJTIyaHR0cHMlM0ElMkYlMkZ3d3cuc2l0cmFjay5jbCUyRnBvcnRhbCUyRndwLWNvbnRlbnQlMkZ0aGVtZXMlMkZzaXRyYWNrLTIwMjAlMkZpbWclMkZDT05UUk9MLnN2ZyUyMiUyMGFsdCUzRCUyMm1pc2lvbiUyMiUzRSUwQSUzQ2IlM0VDT05UUk9MJTIwJTNDYnIlM0UlMjBERSUyMENPTUJVU1RJQkxFJTNDJTJGYiUzRSUwQSUzQyUyRmElM0UlMEElMEElM0NhJTIwY2xhc3MlM0QlMjJidG4tbWUlMjIlMjBocmVmJTNEJTIyJTIzVFJBTlNQT1JURS1TRUdVUk8tREUtQ0FSR0ElMjIlM0UlMEElM0NpbWclMjBjbGFzcyUzRCUyMmltZyUyMiUyMHNyYyUzRCUyMmh0dHBzJTNBJTJGJTJGd3d3LnNpdHJhY2suY2wlMkZwb3J0YWwlMkZ3cC1jb250ZW50JTJGdGhlbWVzJTJGc2l0cmFjay0yMDIwJTJGaW1nJTJGVFJBTlNQT1JURS5zdmclMjIlMjBhbHQlM0QlMjJtaXNpb24lMjIlM0UlMEElM0NiJTNFVFJBTlNQT1JURSUzQ2JyJTNFJTIwU0VHVVJPJTNDJTJGYiUzRSUwQSUzQyUyRmElM0UlMEElMEElM0NhJTIwY2xhc3MlM0QlMjJidG4tbWUlMjIlMjBocmVmJTNEJTIyJTIzU0VHVVJJREFELUVOLUxBLUNPTkRVQ0NJT04lMjIlM0UlMEElM0NpbWclMjBjbGFzcyUzRCUyMmltZyUyMiUyMHNyYyUzRCUyMmh0dHBzJTNBJTJGJTJGd3d3LnNpdHJhY2suY2wlMkZwb3J0YWwlMkZ3cC1jb250ZW50JTJGdGhlbWVzJTJGc2l0cmFjay0yMDIwJTJGaW1nJTJGU0VHVVJJREFELnN2ZyUyMiUyMGFsdCUzRCUyMm1pc2lvbiUyMiUzRSUwQSUzQ2IlM0VTRUdVUklEQUQlMjBFTiUyMCUzQ2JyJTNFTEElMjBDT05EVUNDSSVDMyU5M04lM0MlMkZiJTNFJTBBJTNDJTJGYSUzRSUwQSUwQSUzQ2ElMjBjbGFzcyUzRCUyMmJ0bi1tZSUyMiUyMGhyZWYlM0QlMjIlMjNTT0xVQ0lPTkVTLUEtVFUtTUVESURBJTIyJTNFJTBBJTNDaW1nJTIwY2xhc3MlM0QlMjJpbWclMjIlMjBzcmMlM0QlMjJodHRwcyUzQSUyRiUyRnd3dy5zaXRyYWNrLmNsJTJGcG9ydGFsJTJGd3AtY29udGVudCUyRnRoZW1lcyUyRnNpdHJhY2stMjAyMCUyRmltZyUyRlNPTFVDSU9ORVMuc3ZnJTIyJTIwYWx0JTNEJTIybWlzaW9uJTIyJTNFJTBBJTNDYiUzRVNPTFVDSU9ORVMlMjAlM0NiciUzRSUyMEElMjBUVSUyME1FRElEQSUzQyUyRmIlM0UlMEElMEElM0MlMkZhJTNFJTBBJTBBJTNDJTJGZGl2JTNF[\/vc_raw_html][\/vc_column_inner][vc_column_inner width=&#8221;1\/6&#8243;][\/vc_column_inner][\/vc_row_inner][\/vc_column][\/vc_row][vc_section css=&#8221;.vc_custom_1584469965676{background-color: #f7f8fa !important;}&#8221; el_id=&#8221;MONITOREO-SATELITAL-INTELIGENTE&#8221;][vc_row el_class=&#8221;boxer&#8221;][vc_column][vc_row_inner][vc_column_inner width=&#8221;1\/6&#8243;][\/vc_column_inner][vc_column_inner width=&#8221;2\/3&#8243;][vc_column_text el_class=&#8221;centro&#8221;]<img class=\"img\" style=\"width: 100px;\" src=\"\/\/www.sitrack.cl\/portal\/wp-content\/themes\/sitrack-2020\/img\/MONITOREO.svg\" alt=\"mision\" \/><\/p>\n<h2>MONITOREO SATELITAL INTELIGENTE<\/h2>\n<p>Monitorea y protege los bienes de tu empresa a trav\u00e9s de la implementaci\u00f3n de GPS con informaci\u00f3n en tiempo real, controlando el cumplimiento de rutas y geocercas.<br \/>\n<img class=\"\" src=\"\/\/www.sitrack.cl\/portal\/wp-content\/themes\/sitrack-2020\/img\/MONITOREO-SATELITAL.png\" alt=\"MONITOREO SATELITAL\" \/>[\/vc_column_text][\/vc_column_inner][vc_column_inner width=&#8221;1\/6&#8243;][\/vc_column_inner][\/vc_row_inner][vc_row_inner][vc_column_inner width=&#8221;1\/3&#8243;][vc_column_text]<img class=\"\" src=\"\/\/www.sitrack.cl\/portal\/wp-content\/themes\/sitrack-2020\/img\/Visualizacion.svg\" alt=\"Visualizacion.svg\" \/><\/p>\n<h3>Visualizaci\u00f3n de eventos en el mapa, velocidades, fecha, curso de eventos<\/h3>\n<p>Permite pedir hist\u00f3ricos de posiciones para observar recorridos. Creaci\u00f3n de geocercas. M\u00f3dulo de Mantenimiento de veh\u00edculos.[\/vc_column_text][\/vc_column_inner][vc_column_inner width=&#8221;1\/3&#8243;][vc_column_text]<img class=\"\" src=\"\/\/www.sitrack.cl\/portal\/wp-content\/themes\/sitrack-2020\/img\/Control-de-cumplimiento.svg\" alt=\"Control-de-cumplimiento.svg\" \/><\/p>\n<h3>Control de cumplimiento de programaci\u00f3n de viajes<\/h3>\n<p>Podr\u00e1s monitorear rutas, controlar detenciones realizadas, salidas de ruta no autorizadas, excesos de velocidades, adem\u00e1s de medir el tiempo de llegada y salida.[\/vc_column_text][\/vc_column_inner][vc_column_inner width=&#8221;1\/3&#8243;][vc_column_text]<img class=\"\" src=\"\/\/www.sitrack.cl\/portal\/wp-content\/themes\/sitrack-2020\/img\/Creacion-de-Reglas.svg\" alt=\"Creacion-de-Reglas.svg\" \/><\/p>\n<h3>Creaci\u00f3n de Reglas para notificaci\u00f3n de Alarmas<\/h3>\n<p>Brinda la posibilidad de definir una serie de reglas autom\u00e1ticas de control, que, por medio de notificaciones online a mail, controlar\u00e1n las 24 horas los sucesos de: posici\u00f3n, velocidad, flotas, geocercas, rutas y mucho m\u00e1s.[\/vc_column_text][\/vc_column_inner][\/vc_row_inner][vc_row_inner][vc_column_inner][vc_column_text el_class=&#8221;btn-cont&#8221;]<\/p>\n<p style=\"text-align: center;\"><a class=\"btn _mPS2id-h\" href=\"#ESTEMOS_EN_CONTACTO\" rel=\"m_PageScroll2id\">\u00a1CONVERSA CON NOSOTROS!<\/a><\/p>\n<p>[\/vc_column_text][\/vc_column_inner][\/vc_row_inner][\/vc_column][\/vc_row][\/vc_section][vc_section el_id=&#8221;CONTROL-DE-USO-Y-ROBO-DE-COMBUSTIBLE&#8221;][vc_row el_class=&#8221;boxer&#8221;][vc_column][vc_row_inner][vc_column_inner width=&#8221;1\/6&#8243;][\/vc_column_inner][vc_column_inner width=&#8221;2\/3&#8243;][vc_column_text el_class=&#8221;centro bajar&#8221;]<img class=\"img\" src=\"\/\/www.sitrack.cl\/portal\/wp-content\/themes\/sitrack-2020\/img\/CONTROL.svg\" alt=\"mision\" \/><\/p>\n<h2>CONTROL DE USO Y ROBO<br \/>\nDE COMBUSTIBLE<\/h2>\n<p>\u00bfSabes realmente cuanto es el consumo o nivel de combustible de tu veh\u00edculo?<br \/>\n\u00bfCuentas con alertas que permitan conocer las cargas y descargas de combustible de tu flota?<br \/>\nSITRACK te ayuda a solucionar esta problem\u00e1tica aplicando telemetr\u00eda en cada veh\u00edculo, mediante productos como ICAN o VMD, los cuales te ayudaran a:[\/vc_column_text][\/vc_column_inner][vc_column_inner width=&#8221;1\/6&#8243;][\/vc_column_inner][\/vc_row_inner][vc_row_inner][vc_column_inner width=&#8221;1\/2&#8243;][vc_column_text]<img class=\"\" src=\"\/\/www.sitrack.cl\/portal\/wp-content\/themes\/sitrack-2020\/img\/CONTROL-DE-USO.png\" alt=\"CONTROL DE USO\" \/>[\/vc_column_text][\/vc_column_inner][vc_column_inner width=&#8221;1\/2&#8243;][vc_column_text el_class=&#8221;bajo mover CONTROL-1&#8243;]<strong>Medir el nivel de combustible en los estanques<\/strong>, transmitiendo este dato a intervalos regulares, determinando situaciones de carga y descarga, variaciones de nivel, conocer el lugar de esas variaciones, etc.[\/vc_column_text][vc_column_text el_class=&#8221;bajo mover2 CONTROL-2&#8243;]<strong>Evaluar el rendimiento de combustible y perfil de manejo<\/strong> en base a torque, velocidades, aceleraciones y frenadas bruscas entre otros.[\/vc_column_text][vc_column_text el_class=&#8221;mover CONTROL-3&#8243;]<strong>Ajustar y mejorar la forma de manejo de los conductores<\/strong> con buenas pr\u00e1cticas, logrando una considerable reducci\u00f3n en el consumo de combustible.[\/vc_column_text][\/vc_column_inner][\/vc_row_inner][vc_row_inner][vc_column_inner][vc_column_text el_class=&#8221;btn-cont&#8221;]<\/p>\n<p style=\"text-align: center;\"><a class=\"btn _mPS2id-h\" href=\"#ESTEMOS_EN_CONTACTO\" rel=\"m_PageScroll2id\">\u00a1CONVERSA CON NOSOTROS!<\/a><\/p>\n<p>[\/vc_column_text][\/vc_column_inner][\/vc_row_inner][\/vc_column][\/vc_row][\/vc_section][vc_section css=&#8221;.vc_custom_1584470185222{background-color: #f7f8fa !important;}&#8221; el_id=&#8221;TRANSPORTE-SEGURO-DE-CARGA&#8221;][vc_row el_class=&#8221;boxer&#8221;][vc_column][vc_row_inner][vc_column_inner width=&#8221;1\/4&#8243;][\/vc_column_inner][vc_column_inner width=&#8221;1\/2&#8243;][vc_column_text el_class=&#8221;centro bajar&#8221;]<img class=\"img\" src=\"\/\/www.sitrack.cl\/portal\/wp-content\/themes\/sitrack-2020\/img\/TRANSPORTE.svg\" alt=\"mision\" \/><\/p>\n<h2>TRANSPORTE SEGURO DE CARGA<\/h2>\n<p>\u00bfTienes temor a que tu carga sea hurtada?<br \/>\n\u00bfCuentas con sistemas para monitorear tu carga?<br \/>\nTe ayudamos a sentirte m\u00e1s seguro al momento de mover cargas importantes mediante una plataforma capaz de alertar posibles irregularidades. Protege el cargamento de tus camiones con alguna de nuestras soluciones:[\/vc_column_text][\/vc_column_inner][vc_column_inner width=&#8221;1\/4&#8243;][\/vc_column_inner][\/vc_row_inner][vc_row_inner][vc_column_inner width=&#8221;1\/2&#8243;][vc_column_text el_class=&#8221;mover bajo TRANSPORTE-1&#8243;]<\/p>\n<h3>Sistema Antivand\u00e1lico<\/h3>\n<p>Monitorea la detenci\u00f3n de tu cami\u00f3n de forma controlada, aut\u00f3noma o remota, cortando el combustible o activando trabas electr\u00f3nicas. Puedes controlar la apertura de puertas de tu cami\u00f3n, tanto del remolque como de la cabina.[\/vc_column_text][vc_column_text el_class=&#8221;mover bajo TRANSPORTE-2&#8243;]<\/p>\n<h3>Detecci\u00f3n de jamming celular y bloqueo de GPS<\/h3>\n<p>El jammer bloquea el funcionamiento de rastreo GPS instalado en tu veh\u00edculo y con esto los ladrones evitan ser localizados v\u00eda sat\u00e9lite al momento de ejecutar el robo. Nuestros equipos, permiten actuar localmente para impedir este tipo de robos.[\/vc_column_text][vc_column_text el_class=&#8221;mover TRANSPORTE-3&#8243;]<\/p>\n<h3>Control de Temperatura de carga<\/h3>\n<p>Mide la temperatura del cargamento permitiendo crear alertas cuando la temperatura se exceda de los rangos programados.[\/vc_column_text][\/vc_column_inner][vc_column_inner width=&#8221;1\/2&#8243;][vc_column_text]<img class=\"\" src=\"\/\/www.sitrack.cl\/portal\/wp-content\/themes\/sitrack-2020\/img\/TRANSPORTE-SEGURO.png\" alt=\"TRANSPORTE SEGURO\" \/>[\/vc_column_text][\/vc_column_inner][\/vc_row_inner][vc_row_inner][vc_column_inner][vc_column_text el_class=&#8221;btn-cont&#8221;]<\/p>\n<p style=\"text-align: center;\"><a class=\"btn _mPS2id-h\" href=\"#ESTEMOS_EN_CONTACTO\" rel=\"m_PageScroll2id\">\u00a1CONVERSA CON NOSOTROS!<\/a><\/p>\n<p>[\/vc_column_text][\/vc_column_inner][\/vc_row_inner][\/vc_column][\/vc_row][\/vc_section][vc_section el_id=&#8221;SEGURIDAD-EN-LA-CONDUCCION&#8221;][vc_row el_class=&#8221;boxer&#8221;][vc_column][vc_row_inner][vc_column_inner width=&#8221;1\/4&#8243;][\/vc_column_inner][vc_column_inner width=&#8221;1\/2&#8243;][vc_column_text el_class=&#8221;centro bajar&#8221;]<img class=\"img\" src=\"\/\/www.sitrack.cl\/portal\/wp-content\/themes\/sitrack-2020\/img\/SEGURIDAD.svg\" alt=\"mision\" \/><\/p>\n<h2>SEGURIDAD EN LA CONDUCCI\u00d3N<\/h2>\n<p>\u00bfTienes control sobre el manejo de tus conductores?<br \/>\nPotencia y controla la seguridad de conductores y camiones de tu empresa.[\/vc_column_text][\/vc_column_inner][vc_column_inner width=&#8221;1\/4&#8243;][\/vc_column_inner][\/vc_row_inner][vc_row_inner][vc_column_inner width=&#8221;5\/12&#8243;][vc_column_text]<img class=\"\" src=\"\/\/www.sitrack.cl\/portal\/wp-content\/themes\/sitrack-2020\/img\/SEGURIDAD-EN-LA-CONDUC.png\" alt=\"SEGURIDAD-EN-LA-CONDUC\" \/>[\/vc_column_text][\/vc_column_inner][vc_column_inner width=&#8221;7\/12&#8243;][vc_column_text el_class=&#8221;bajo mover SEGURIDAD-1&#8243;]<\/p>\n<h3>Monitorea el viaje de tus conductores<\/h3>\n<p>Tendr\u00e1s la posibilidad de controlar y ser informado de velocidades de conducci\u00f3n, eventos de fatiga o distracci\u00f3n del conductor, manejo brusco, fallas del veh\u00edculo entre otros. Esto es posible mediante la telemetr\u00eda y tambi\u00e9n instalaci\u00f3n de sistemas de 3er ojo, detecci\u00f3n de Somnolencia como tambi\u00e9n <strong>MDVR<\/strong>.[\/vc_column_text][vc_column_text el_class=&#8221;bajo mover SEGURIDAD-2&#8243;]<\/p>\n<h3>Eval\u00faa la calidad de manejo del conductor<\/h3>\n<p><strong>Virtual Master Driver<\/strong> es una tecnolog\u00eda implementada por SITRACK especial para aquellas empresas que son de transporte y quieren contar con una conducci\u00f3n eficiente y segura. Esta tecnolog\u00eda permite tener un ahorro en combustible y aumentar la vida \u00fatil del cami\u00f3n.[\/vc_column_text][vc_column_text el_class=&#8221;mover SEGURIDAD-3&#8243;]<\/p>\n<h3>Ranking de conducci\u00f3n<\/h3>\n<p>Realiza un perfil de conducci\u00f3n y scoring (mecanismo que permite obtener el perfil de riesgo de un individuo en funci\u00f3n de sus caracter\u00edsticas) para optimizar los recursos de tu empresa.[\/vc_column_text][\/vc_column_inner][\/vc_row_inner][vc_row_inner][vc_column_inner][vc_column_text el_class=&#8221;btn-cont&#8221;]<\/p>\n<p style=\"text-align: center;\"><a class=\"btn _mPS2id-h\" href=\"#ESTEMOS_EN_CONTACTO\" rel=\"m_PageScroll2id\">\u00a1CONVERSA CON NOSOTROS!<\/a><\/p>\n<p>[\/vc_column_text][\/vc_column_inner][\/vc_row_inner][\/vc_column][\/vc_row][\/vc_section][vc_section el_id=&#8221;SOLUCIONES-A-TU-MEDIDA&#8221;][vc_row el_class=&#8221;boxer&#8221;][vc_column][vc_row_inner][vc_column_inner width=&#8221;1\/4&#8243;][\/vc_column_inner][vc_column_inner width=&#8221;1\/2&#8243;][vc_column_text el_class=&#8221;centro bajar&#8221;]<img class=\"img\" src=\"\/\/www.sitrack.cl\/portal\/wp-content\/themes\/sitrack-2020\/img\/SOLUCIONES.svg\" alt=\"mision\" \/><\/p>\n<h2>SOLUCIONES A TU MEDIDA<\/h2>\n<p>SITRACK cuenta con un staff de ingenieros los cuales dise\u00f1an y modelan soluciones a la medida de cada cliente.[\/vc_column_text][\/vc_column_inner][vc_column_inner width=&#8221;1\/4&#8243;][\/vc_column_inner][\/vc_row_inner][vc_row_inner][vc_column_inner width=&#8221;1\/12&#8243;][\/vc_column_inner][vc_column_inner width=&#8221;5\/12&#8243;][vc_column_text]<\/p>\n<ul>\n<li>Optimizador log\u00edstico.<\/li>\n<li>Aplicaciones Android para celulares o Tablets.<\/li>\n<li>Sistemas Antivand\u00e1licos con Inteligencia embarcada.<\/li>\n<li>Soluciones de rastreo de activos con Tecnolog\u00eda BLE (Bluetooth Low Energy).<\/li>\n<li>Sistema de Telemetr\u00eda de motor para diferentes modelos de veh\u00edculos.<\/li>\n<li>Modelamiento de procesos de tu empresa.<\/li>\n<\/ul>\n<p>[\/vc_column_text][\/vc_column_inner][vc_column_inner width=&#8221;1\/12&#8243;][\/vc_column_inner][vc_column_inner width=&#8221;5\/12&#8243;][vc_column_text]<img class=\"\" src=\"\/\/www.sitrack.cl\/portal\/wp-content\/themes\/sitrack-2020\/img\/SOLUCIONES-A-TU-MEDIDA.png\" alt=\"SOLUCIONES-A-TU-MEDIDA\" \/>[\/vc_column_text][\/vc_column_inner][\/vc_row_inner][\/vc_column][\/vc_row][\/vc_section][vc_section el_id=&#8221;ESTEMOS_EN_CONTACTO&#8221;][vc_row el_class=&#8221;boxer&#8221;][vc_column width=&#8221;1\/6&#8243;][\/vc_column][vc_column width=&#8221;2\/3&#8243;][vc_column_text]<\/p>\n<h2>ESTEMOS EN CONTACTO<\/h2>\n<p>[\/vc_column_text][vc_row_inner][vc_column_inner][vc_raw_html]JTNDZGl2JTIwY2xhc3MlM0QlMjJ0YWIlMjIlM0UlMEElMjAlMjAlM0NidXR0b24lMjBjbGFzcyUzRCUyMnRhYmxpbmtzJTIyJTIwb25jbGljayUzRCUyMm9wZW5DaXR5JTI4ZXZlbnQlMkMlMjAlMjdDT1RJWkFSX1NFUlZJQ0lPUyUyNyUyOSUyMiUzRUNPVElaQVIlMjBTRVJWSUNJT1MlM0MlMkZidXR0b24lM0UlMEElM0MlMkZkaXYlM0UlMEElMEElM0NkaXYlMjBpZCUzRCUyMkNPVElaQVJfU0VSVklDSU9TJTIyJTIwY2xhc3MlM0QlMjJ0YWJjb250ZW50JTIyJTIwc3R5bGUlM0QlMjJkaXNwbGF5JTNBJTIwYmxvY2slM0IlMjIlM0UlMEElM0NkaXYlMjBpZCUzRCUyMmZvcm0taHVic3BvdC0xJTIyJTIwJTNFJTNDJTJGZGl2JTNFJTBBJTNDc2NyaXB0JTNFJTBBJTIwJTIwaGJzcHQuZm9ybXMuY3JlYXRlJTI4JTdCJTIwJTBBJTIwJTIwJTIwJTIwY3NzJTNBJTIwJTI3JTI3JTJDJTBBJTIwJTIwJTIwJTIwdGFyZ2V0JTNBJTIwJTI3JTIzZm9ybS1odWJzcG90LTElMjclMkMlMEElMjAlMjAlMjAlMjBwb3J0YWxJZCUzQSUyMCUyNzI0MjcxMjElMjclMkMlMEElMjAlMjAlMjAlMjBmb3JtSWQlM0ElMjAlMjc2ZDhlNzg2YS1jOTBjLTQ2MjktOGMxMy03OTQ3N2RiMzZlMjUlMjclMEElMjAlMjAlN0QlMjklM0IlMEElM0MlMkZzY3JpcHQlM0UlMEElM0MlMkZkaXYlM0UlMEElMEElM0NkaXYlMjBjbGFzcyUzRCUyMnRhYiUyMiUzRSUwQSUyMCUyMCUzQ2J1dHRvbiUyMGNsYXNzJTNEJTIydGFibGlua3MlMjIlMjBvbmNsaWNrJTNEJTIyb3BlbkNpdHklMjhldmVudCUyQyUyMCUyN1BFRElSX1NPUE9SVEUlMjclMjklMjIlM0VQRURJUiUyMFNPUE9SVEUlM0MlMkZidXR0b24lM0UlMEElM0MlMkZkaXYlM0UlMEElM0NkaXYlMjBpZCUzRCUyMlBFRElSX1NPUE9SVEUlMjIlMjBjbGFzcyUzRCUyMnRhYmNvbnRlbnQlMjIlM0UlMEElM0NkaXYlMjBpZCUzRCUyMmZvcm0taHVic3BvdC0yJTIyJTIwJTNFJTNDJTJGZGl2JTNFJTBBJTNDc2NyaXB0JTNFJTBBJTIwJTIwaGJzcHQuZm9ybXMuY3JlYXRlJTI4JTdCJTIwJTBBJTIwJTIwJTIwJTIwY3NzJTNBJTIwJTI3JTI3JTJDJTBBJTIwJTIwJTIwJTIwdGFyZ2V0JTNBJTIwJTI3JTIzZm9ybS1odWJzcG90LTIlMjclMkMlMEElMjAlMjAlMjAlMjBwb3J0YWxJZCUzQSUyMCUyNzI0MjcxMjElMjclMkMlMEElMjAlMjAlMjAlMjBmb3JtSWQlM0ElMjAlMjdhMDhhMzQ2NC05YjdlLTRmZTAtYTYzZC1jNWNkZTI3YWY5OTIlMjclMEElMjAlMjAlN0QlMjklM0IlMEElM0MlMkZzY3JpcHQlM0UlMEElM0MlMkZkaXYlM0UlMEElMEElM0NkaXYlMjBjbGFzcyUzRCUyMnRhYiUyMG1lbm9zJTIyJTNFJTBBJTIwJTIwJTNDYnV0dG9uJTIwY2xhc3MlM0QlMjJ0YWJsaW5rcyUyMiUyMG9uY2xpY2slM0QlMjJvcGVuQ2l0eSUyOGV2ZW50JTJDJTIwJTI3VFJBQkFKQV9DT05fTk9TT1RST1MlMjclMjklMjIlM0VUUkFCQUpBJTIwQ09OJTIwTk9TT1RST1MlM0MlMkZidXR0b24lM0UlMEElM0MlMkZkaXYlM0UlMEElM0NkaXYlMjBpZCUzRCUyMlRSQUJBSkFfQ09OX05PU09UUk9TJTIyJTIwY2xhc3MlM0QlMjJ0YWJjb250ZW50JTIyJTNFJTBBJTNDZGl2JTIwaWQlM0QlMjJmb3JtLWh1YnNwb3QtMyUyMiUyMCUzRSUzQyUyRmRpdiUzRSUwQSUzQ3NjcmlwdCUzRSUwQSUyMCUyMGhic3B0LmZvcm1zLmNyZWF0ZSUyOCU3QiUyMCUwQSUyMCUyMCUyMCUyMGNzcyUzQSUyMCUyNyUyNyUyQyUwQSUyMCUyMCUyMCUyMHRhcmdldCUzQSUyMCUyNyUyM2Zvcm0taHVic3BvdC0zJTI3JTJDJTBBJTIwJTIwJTIwJTIwcG9ydGFsSWQlM0ElMjAlMjcyNDI3MTIxJTI3JTJDJTBBJTIwJTIwJTIwJTIwZm9ybUlkJTNBJTIwJTI3YzI3ZDEyYTctZTUyMS00MWI3LTg1YmYtMjg2ODAyNzZkYWQ0JTI3JTBBJTIwJTIwJTdEJTI5JTNCJTBBJTNDJTJGc2NyaXB0JTNFJTBBJTNDJTJGZGl2JTNFJTBB[\/vc_raw_html][\/vc_column_inner][\/vc_row_inner][\/vc_column][vc_column width=&#8221;1\/6&#8243;][\/vc_column][\/vc_row][\/vc_section]<\/p>\n","protected":false},"excerpt":{"rendered":"[vc_row el_class=&#8221;boxer&#8221; el_id=&#8221;SOLUCIONES&#8221;][vc_column][vc_row_inner][vc_column_inner width=&#8221;1\/6&#8243;][\/vc_column_inner][vc_column_inner width=&#8221;2\/3&#8243;][vc_column_text] SOLUCIONES Tenemos una amplia gama de servicios y soluciones tecnol\u00f3gicas dise\u00f1adas para mejorar la gesti\u00f3n, seguridad, eficiencia y control en empresas de transporte y log\u00edstica. \u00a1M\u00e1s de 20 a\u00f1os de experiencia nos respaldan![\/vc_column_text][vc_raw_html]JTNDZGl2JTNFJTBBJTNDYSUyMGNsYXNzJTNEJTIyYnRuLW1lJTIyJTIwaHJlZiUzRCUyMiUyM01PTklUT1JFTy1TQVRFTElUQUwtSU5URUxJR0VOVEUlMjIlM0UlMEElM0NpbWclMjBjbGFzcyUzRCUyMmltZyUyMiUyMHN0eWxlJTNEJTIyd2lkdGglM0ElMjAxMDBweCUzQiUyMiUyMHNyYyUzRCUyMmh0dHBzJTNBJTJGJTJGd3d3LnNpdHJhY2suY2wlMkZwb3J0YWwlMkZ3cC1jb250ZW50JTJGdGhlbWVzJTJGc2l0cmFjay0yMDIwJTJGaW1nJTJGTU9OSVRPUkVPLnN2ZyUyMiUyMGFsdCUzRCUyMm1pc2lvbiUyMiUzRSUwQSUzQ2IlM0VNT05JVE9SRU8lM0NiciUzRSUyMFNBVEVMSVRBTCUzQyUyRmIlM0UlMEElM0MlMkZhJTNFJTBBJTBBJTNDYSUyMGNsYXNzJTNEJTIyYnRuLW1lJTIyJTIwaHJlZiUzRCUyMiUyM0NPTlRST0wtREUtVVNPLVktUk9CTy1ERS1DT01CVVNUSUJMRSUyMiUzRSUwQSUzQ2ltZyUyMGNsYXNzJTNEJTIyaW1nJTIyJTIwc3JjJTNEJTIyaHR0cHMlM0ElMkYlMkZ3d3cuc2l0cmFjay5jbCUyRnBvcnRhbCUyRndwLWNvbnRlbnQlMkZ0aGVtZXMlMkZzaXRyYWNrLTIwMjAlMkZpbWclMkZDT05UUk9MLnN2ZyUyMiUyMGFsdCUzRCUyMm1pc2lvbiUyMiUzRSUwQSUzQ2IlM0VDT05UUk9MJTIwJTNDYnIlM0UlMjBERSUyMENPTUJVU1RJQkxFJTNDJTJGYiUzRSUwQSUzQyUyRmElM0UlMEElMEElM0NhJTIwY2xhc3MlM0QlMjJidG4tbWUlMjIlMjBocmVmJTNEJTIyJTIzVFJBTlNQT1JURS1TRUdVUk8tREUtQ0FSR0ElMjIlM0UlMEElM0NpbWclMjBjbGFzcyUzRCUyMmltZyUyMiUyMHNyYyUzRCUyMmh0dHBzJTNBJTJGJTJGd3d3LnNpdHJhY2suY2wlMkZwb3J0YWwlMkZ3cC1jb250ZW50JTJGdGhlbWVzJTJGc2l0cmFjay0yMDIwJTJGaW1nJTJGVFJBTlNQT1JURS5zdmclMjIlMjBhbHQlM0QlMjJtaXNpb24lMjIlM0UlMEElM0NiJTNFVFJBTlNQT1JURSUzQ2JyJTNFJTIwU0VHVVJPJTNDJTJGYiUzRSUwQSUzQyUyRmElM0UlMEElMEElM0NhJTIwY2xhc3MlM0QlMjJidG4tbWUlMjIlMjBocmVmJTNEJTIyJTIzU0VHVVJJREFELUVOLUxBLUNPTkRVQ0NJT04lMjIlM0UlMEElM0NpbWclMjBjbGFzcyUzRCUyMmltZyUyMiUyMHNyYyUzRCUyMmh0dHBzJTNBJTJGJTJGd3d3LnNpdHJhY2suY2wlMkZwb3J0YWwlMkZ3cC1jb250ZW50JTJGdGhlbWVzJTJGc2l0cmFjay0yMDIwJTJGaW1nJTJGU0VHVVJJREFELnN2ZyUyMiUyMGFsdCUzRCUyMm1pc2lvbiUyMiUzRSUwQSUzQ2IlM0VTRUdVUklEQUQlMjBFTiUyMCUzQ2JyJTNFTEElMjBDT05EVUNDSSVDMyU5M04lM0MlMkZiJTNFJTBBJTNDJTJGYSUzRSUwQSUwQSUzQ2ElMjBjbGFzcyUzRCUyMmJ0bi1tZSUyMiUyMGhyZWYlM0QlMjIlMjNTT0xVQ0lPTkVTLUEtVFUtTUVESURBJTIyJTNFJTBBJTNDaW1nJTIwY2xhc3MlM0QlMjJpbWclMjIlMjBzcmMlM0QlMjJodHRwcyUzQSUyRiUyRnd3dy5zaXRyYWNrLmNsJTJGcG9ydGFsJTJGd3AtY29udGVudCUyRnRoZW1lcyUyRnNpdHJhY2stMjAyMCUyRmltZyUyRlNPTFVDSU9ORVMuc3ZnJTIyJTIwYWx0JTNEJTIybWlzaW9uJTIyJTNFJTBBJTNDYiUzRVNPTFVDSU9ORVMlMjAlM0NiciUzRSUyMEElMjBUVSUyME1FRElEQSUzQyUyRmIlM0UlMEElMEElM0MlMkZhJTNFJTBBJTBBJTNDJTJGZGl2JTNF[\/vc_raw_html][\/vc_column_inner][vc_column_inner width=&#8221;1\/6&#8243;][\/vc_column_inner][\/vc_row_inner][\/vc_column][\/vc_row][vc_section css=&#8221;.vc_custom_1584469965676{background-color: #f7f8fa !important;}&#8221; el_id=&#8221;MONITOREO-SATELITAL-INTELIGENTE&#8221;][vc_row el_class=&#8221;boxer&#8221;][vc_column][vc_row_inner][vc_column_inner width=&#8221;1\/6&#8243;][\/vc_column_inner][vc_column_inner width=&#8221;2\/3&#8243;][vc_column_text el_class=&#8221;centro&#8221;] MONITOREO SATELITAL INTELIGENTE Monitorea y protege los bienes&#8230; <a class=\"view-article\" href=\"https:\/\/www.sitrack.cl\/portal\/soluciones\/\">Ver art\u00edculo<\/a>","protected":false},"author":1,"featured_media":0,"parent":0,"menu_order":0,"comment_status":"closed","ping_status":"closed","template":"soluciones.php","meta":[],"yoast_head":"<!-- This site is optimized with the Yoast SEO plugin v15.5 - https:\/\/yoast.com\/wordpress\/plugins\/seo\/ -->\n<meta name=\"description\" content=\"SITRACK dispone de una amplia gama de servicios y soluciones que brindan herramientas para un mejor control de tus activos.\" \/>\n<meta name=\"robots\" content=\"index, follow, max-snippet:-1, max-image-preview:large, max-video-preview:-1\" \/>\n<link rel=\"canonical\" href=\"https:\/\/www.sitrack.cl\/portal\/soluciones\/\" \/>\n<meta property=\"og:locale\" content=\"es_ES\" \/>\n<meta property=\"og:type\" content=\"article\" \/>\n<meta property=\"og:title\" content=\"Soluciones | Sitrack chile\" \/>\n<meta property=\"og:description\" content=\"SITRACK dispone de una amplia gama de servicios y soluciones que brindan herramientas para un mejor control de tus activos.\" \/>\n<meta property=\"og:url\" content=\"https:\/\/www.sitrack.cl\/portal\/soluciones\/\" \/>\n<meta property=\"og:site_name\" content=\"Sitrack Chile\" \/>\n<meta property=\"article:modified_time\" content=\"2022-09-07T13:56:43+00:00\" \/>\n<meta property=\"og:image\" content=\"\/\/www.sitrack.cl\/portal\/wp-content\/themes\/sitrack-2020\/img\/MONITOREO.svg\" \/>\n<meta name=\"twitter:card\" content=\"summary\" \/>\n<meta name=\"twitter:label1\" content=\"Est. reading time\">\n\t<meta name=\"twitter:data1\" content=\"8 minutes\">\n<script type=\"application\/ld+json\" class=\"yoast-schema-graph\">{\"@context\":\"https:\/\/schema.org\",\"@graph\":[{\"@type\":\"WebSite\",\"@id\":\"https:\/\/www.sitrack.cl\/portal\/#website\",\"url\":\"https:\/\/www.sitrack.cl\/portal\/\",\"name\":\"Sitrack Chile\",\"description\":\"Soluciones Inteligentes\",\"potentialAction\":[{\"@type\":\"SearchAction\",\"target\":\"https:\/\/www.sitrack.cl\/portal\/?s={search_term_string}\",\"query-input\":\"required name=search_term_string\"}],\"inLanguage\":\"es-CL\"},{\"@type\":\"ImageObject\",\"@id\":\"https:\/\/www.sitrack.cl\/portal\/soluciones\/#primaryimage\",\"inLanguage\":\"es-CL\",\"url\":\"\/\/www.sitrack.cl\/portal\/wp-content\/themes\/sitrack-2020\/img\/MONITOREO.svg\"},{\"@type\":\"WebPage\",\"@id\":\"https:\/\/www.sitrack.cl\/portal\/soluciones\/#webpage\",\"url\":\"https:\/\/www.sitrack.cl\/portal\/soluciones\/\",\"name\":\"Soluciones | Sitrack chile\",\"isPartOf\":{\"@id\":\"https:\/\/www.sitrack.cl\/portal\/#website\"},\"primaryImageOfPage\":{\"@id\":\"https:\/\/www.sitrack.cl\/portal\/soluciones\/#primaryimage\"},\"datePublished\":\"2020-03-23T20:39:28+00:00\",\"dateModified\":\"2022-09-07T13:56:43+00:00\",\"description\":\"SITRACK dispone de una amplia gama de servicios y soluciones que brindan herramientas para un mejor control de tus activos.\",\"inLanguage\":\"es-CL\",\"potentialAction\":[{\"@type\":\"ReadAction\",\"target\":[\"https:\/\/www.sitrack.cl\/portal\/soluciones\/\"]}]}]}<\/script>\n<!-- \/ Yoast SEO plugin. -->","_links":{"self":[{"href":"https:\/\/www.sitrack.cl\/portal\/wp-json\/wp\/v2\/pages\/1278"}],"collection":[{"href":"https:\/\/www.sitrack.cl\/portal\/wp-json\/wp\/v2\/pages"}],"about":[{"href":"https:\/\/www.sitrack.cl\/portal\/wp-json\/wp\/v2\/types\/page"}],"author":[{"embeddable":true,"href":"https:\/\/www.sitrack.cl\/portal\/wp-json\/wp\/v2\/users\/1"}],"replies":[{"embeddable":true,"href":"https:\/\/www.sitrack.cl\/portal\/wp-json\/wp\/v2\/comments?post=1278"}],"version-history":[{"count":7,"href":"https:\/\/www.sitrack.cl\/portal\/wp-json\/wp\/v2\/pages\/1278\/revisions"}],"predecessor-version":[{"id":1393,"href":"https:\/\/www.sitrack.cl\/portal\/wp-json\/wp\/v2\/pages\/1278\/revisions\/1393"}],"wp:attachment":[{"href":"https:\/\/www.sitrack.cl\/portal\/wp-json\/wp\/v2\/media?parent=1278"}],"curies":[{"name":"wp","href":"https:\/\/api.w.org\/{rel}","templated":true}]}}