{"id":1287,"date":"2020-03-23T21:04:34","date_gmt":"2020-03-23T21:04:34","guid":{"rendered":"http:\/\/www.sitrack.cl\/portal\/?page_id=1287"},"modified":"2020-04-07T13:45:56","modified_gmt":"2020-04-07T13:45:56","slug":"mobile-digital-video-recording","status":"publish","type":"page","link":"https:\/\/www.sitrack.cl\/portal\/mobile-digital-video-recording\/","title":{"rendered":"Mobile Digital Video Recording 2020"},"content":{"rendered":"<p>[vc_section full_width=&#8221;stretch_row&#8221; css=&#8221;.vc_custom_1574971837233{background-image: url(\/\/www.sitrack.cl\/portal\/wp-content\/uploads\/sites\/3\/2019\/11\/background-MDVR.jpg?id=1088) !important;background-position: center !important;background-repeat: no-repeat !important;background-size: cover !important;}&#8221; el_id=&#8221;banner-landing&#8221;][vc_row el_class=&#8221;boxer&#8221;][vc_column][vc_row_inner][vc_column_inner el_class=&#8221;texts-banner&#8221; width=&#8221;7\/12&#8243;][vc_column_text css_animation=&#8221;fadeIn&#8221; el_class=&#8221;texts-banner&#8221;]<\/p>\n<h1><strong>MDVR<br \/>\nMobile Digital Video Recording<\/strong> videovigilancia en tiempo real para veh\u00edculos<\/h1>\n<p><a class=\"btn\" href=\"#form-2\">Cont\u00e1ctanos<\/a>[\/vc_column_text][\/vc_column_inner][vc_column_inner width=&#8221;5\/12&#8243;][\/vc_column_inner][\/vc_row_inner][\/vc_column][\/vc_row][\/vc_section][vc_section full_width=&#8221;stretch_row&#8221; css_animation=&#8221;fadeIn&#8221; el_class=&#8221;parallax&#8221; css=&#8221;.vc_custom_1574971754903{background-image: url(\/\/www.sitrack.cl\/portal\/wp-content\/uploads\/sites\/3\/2019\/11\/fondo-paralax-MDVR.jpg?id=1090) !important;}&#8221; el_id=&#8221;informacion-1-landing&#8221;][vc_row content_placement=&#8221;middle&#8221; el_class=&#8221;boxer&#8221;][vc_column width=&#8221;1\/2&#8243; el_class=&#8221;column-izq&#8221;][vc_row_inner][vc_column_inner][vc_column_text css_animation=&#8221;fadeInLeft&#8221;]<\/p>\n<h2><strong>Mobile Digital Video Recording<\/strong><br \/>\n\u00bfQu\u00e9 es?<\/h2>\n<p>El MDVR es un sistema de videovigilancia por medio de c\u00e1maras que puede instalarse en cualquier lugar del veh\u00edculo, cabina o zona de carga, tanto para la seguridad del conductor como de la carga misma. Los mismos cuentan con GPS por lo tanto el monitoreo es en tiempo real, pudiendo ver y geolocalizar el veh\u00edculo en el instante, lo cual permite un mayor control online.[\/vc_column_text][\/vc_column_inner][\/vc_row_inner][\/vc_column][vc_column css_animation=&#8221;fadeInRight&#8221; width=&#8221;1\/2&#8243; offset=&#8221;vc_hidden-sm vc_hidden-xs&#8221; el_class=&#8221;ordenador column-der&#8221;][\/vc_column][\/vc_row][\/vc_section][vc_section full_width=&#8221;stretch_row&#8221; css_animation=&#8221;fadeIn&#8221; el_id=&#8221;informacion-2-landing&#8221; css=&#8221;.vc_custom_1575032821717{background-image: url(http:\/\/www.sitrack.cl\/portal\/wp-content\/uploads\/sites\/3\/2019\/11\/fondo-iconos-.jpg?id=1098) !important;}&#8221;][vc_row el_class=&#8221;boxer&#8221;][vc_column][vc_column_text]<\/p>\n<h2 style=\"text-align: center;\">Controla y dale seguridad a la flota con un monitoreo en tiempo real<\/h2>\n<p style=\"text-align: center;\">\u00bfQu\u00e9 industrias del transporte se benefician con el Mobile Digital Video Recording?<\/p>\n<p>[\/vc_column_text][\/vc_column][\/vc_row][vc_row el_class=&#8221;boxer&#8221;][vc_column width=&#8221;1\/6&#8243;][\/vc_column][vc_column width=&#8221;2\/3&#8243;][vc_row_inner el_class=&#8221;iconos&#8221;][vc_column_inner width=&#8221;1\/3&#8243;][vc_single_image source=&#8221;external_link&#8221; custom_src=&#8221;\/\/www.sitrack.cl\/portal\/wp-content\/uploads\/sites\/3\/svg\/carga-pesada.svg&#8221; el_class=&#8221;icon&#8221;][vc_column_text el_class=&#8221;text-d-icon&#8221;]<\/p>\n<p style=\"text-align: center;\">Transporte de carga pesada<\/p>\n<p>[\/vc_column_text][\/vc_column_inner][vc_column_inner width=&#8221;1\/3&#8243;][vc_single_image source=&#8221;external_link&#8221; custom_src=&#8221;\/\/www.sitrack.cl\/portal\/wp-content\/uploads\/sites\/3\/svg\/carga-liviana.svg&#8221; el_class=&#8221;icon&#8221;][vc_column_text el_class=&#8221;text-d-icon&#8221;]<\/p>\n<p style=\"text-align: center;\">Transporte de carga liviana<\/p>\n<p>[\/vc_column_text][\/vc_column_inner][vc_column_inner width=&#8221;1\/3&#8243;][vc_single_image source=&#8221;external_link&#8221; custom_src=&#8221;\/\/www.sitrack.cl\/portal\/wp-content\/uploads\/sites\/3\/svg\/residuos.svg&#8221; el_class=&#8221;icon&#8221;][vc_column_text el_class=&#8221;text-d-icon&#8221;]<\/p>\n<p style=\"text-align: center;\">Transporte de residuos<\/p>\n<p>[\/vc_column_text][\/vc_column_inner][\/vc_row_inner][vc_row_inner el_class=&#8221;iconos&#8221;][vc_column_inner width=&#8221;1\/4&#8243;][\/vc_column_inner][vc_column_inner width=&#8221;1\/4&#8243;][vc_single_image source=&#8221;external_link&#8221; custom_src=&#8221;\/\/www.sitrack.cl\/portal\/wp-content\/uploads\/sites\/3\/svg\/pasajeros.svg&#8221; el_class=&#8221;icon&#8221;][vc_column_text el_class=&#8221;text-d-icon&#8221;]<\/p>\n<p style=\"text-align: center;\">Transporte de pasajeros<\/p>\n<p>[\/vc_column_text][\/vc_column_inner][vc_column_inner width=&#8221;1\/4&#8243;][vc_single_image source=&#8221;external_link&#8221; custom_src=&#8221;\/\/www.sitrack.cl\/portal\/wp-content\/uploads\/sites\/3\/svg\/combustible.svg&#8221; el_class=&#8221;icon&#8221;][vc_column_text el_class=&#8221;text-d-icon&#8221;]<\/p>\n<p style=\"text-align: center;\">Transporte de combustible y gas<\/p>\n<p>[\/vc_column_text][\/vc_column_inner][vc_column_inner width=&#8221;1\/4&#8243;][\/vc_column_inner][\/vc_row_inner][\/vc_column][vc_column width=&#8221;1\/6&#8243;][\/vc_column][\/vc_row][\/vc_section][vc_section full_width=&#8221;stretch_row&#8221; css=&#8221;.vc_custom_1575034929052{background-color: #ffffff !important;background-position: center !important;background-repeat: no-repeat !important;background-size: cover !important;}&#8221; el_id=&#8221;informacion-CTA-landing&#8221;][vc_row el_class=&#8221;boxer&#8221;][vc_column][vc_column_text el_class=&#8221;text-cta&#8221;]<\/p>\n<p style=\"text-align: center;\">Dependiendo de las necesidades de cada empresa, con la visualizaci\u00f3n y monitoreo de los veh\u00edculos de la flota se podr\u00eda <strong>mejorar la rentabilidad de la empresa, controlar la seguridad y evitar acciones inadecuadas del personal.<\/strong><\/p>\n<p>[\/vc_column_text][\/vc_column][\/vc_row][\/vc_section][vc_section full_width=&#8221;stretch_row&#8221; css=&#8221;.vc_custom_1575034901613{background-color: #ffffff !important;background-position: center !important;background-repeat: no-repeat !important;background-size: cover !important;}&#8221; el_id=&#8221;informacion-3-landing&#8221;][vc_row css_animation=&#8221;none&#8221; el_class=&#8221;boxer&#8221;][vc_column width=&#8221;1\/2&#8243; el_class=&#8221;movil-efecto&#8221;][vc_single_image source=&#8221;external_link&#8221; alignment=&#8221;center&#8221; css_animation=&#8221;fadeInLeft&#8221; el_class=&#8221;efecto-landing-2&#8243; custom_src=&#8221;http:\/\/www.sitrack.cl\/portal\/wp-content\/uploads\/sites\/3\/2019\/11\/laptop-mdvr.png&#8221;][vc_row_inner content_placement=&#8221;middle&#8221;][vc_column_inner width=&#8221;1\/2&#8243;][\/vc_column_inner][\/vc_row_inner][\/vc_column][vc_column width=&#8221;1\/2&#8243; el_class=&#8221;full&#8221;][vc_column_text css_animation=&#8221;fadeInRight&#8221;]<\/p>\n<h2>Principales beneficios de contar con el MDVR<\/h2>\n<ul>\n<li>Medir y registrar lo que ocurre en el interior de los m\u00f3viles en tiempo real.<\/li>\n<li>Controlar el comportamiento de los conductores.<\/li>\n<li>Ver recorridos de los m\u00f3viles.<\/li>\n<li>Evitar accidentes.<\/li>\n<\/ul>\n<p><a class=\"btn\" href=\"#form-2\">M\u00e1s informaci\u00f3n<\/a><\/p>\n<p>[\/vc_column_text][\/vc_column][\/vc_row][\/vc_section][vc_section full_width=&#8221;stretch_row&#8221; css=&#8221;.vc_custom_1574451915221{background-image: url(http:\/\/www.sitrack.cl\/portal\/wp-content\/uploads\/sites\/3\/2019\/11\/fondo-formulario.jpg?id=1024) !important;background-position: center !important;background-repeat: no-repeat !important;background-size: cover !important;}&#8221; el_id=&#8221;formulario-landing&#8221; el_class=&#8221;parallax&#8221;][vc_row css_animation=&#8221;fadeIn&#8221; el_class=&#8221;boxer&#8221; el_id=&#8221;formulario&#8221;][vc_column width=&#8221;1\/3&#8243;][vc_row_inner el_class=&#8221;col-50&#8243;][vc_column_inner width=&#8221;1\/12&#8243;][\/vc_column_inner][vc_column_inner width=&#8221;1\/12&#8243;][\/vc_column_inner][\/vc_row_inner][\/vc_column][vc_column width=&#8221;1\/3&#8243; el_class=&#8221;col-50&#8243;][vc_column_text]<\/p>\n<div id=\"form-2\"><\/div>\n<h2 style=\"text-align: center;\">\u00a1Nosotros te asesoramos!<\/h2>\n<p>[\/vc_column_text][vc_raw_html]JTNDc2NyaXB0JTNFJTBBJTIwJTIwaGJzcHQuZm9ybXMuY3JlYXRlJTI4JTdCJTBBJTA5cG9ydGFsSWQlM0ElMjAlMjIyNDI3MTIxJTIyJTJDJTBBJTA5Zm9ybUlkJTNBJTIwJTIyZWQ1NDk5MTQtMzM4ZC00YzNhLWJiOGEtYzgzZGMxMzk4YTQyJTIyJTBBJTdEJTI5JTNCJTBBJTNDJTJGc2NyaXB0JTNF[\/vc_raw_html][\/vc_column][vc_column width=&#8221;1\/3&#8243;][vc_raw_html]JTNDc2NyaXB0JTNFJTBBalF1ZXJ5JTI4ZG9jdW1lbnQlMjkucmVhZHklMjhmdW5jdGlvbiUyOCUyNCUyOSU3QiUwQSUyMCUyMCUyMCUyMHZhciUyMCUyNHJvb3QlMjAlM0QlMjAlMjQlMjglMjdodG1sJTJDJTIwYm9keSUyNyUyOSUzQiUwQSUyMCUyMCUyMCUyMCUyNCUyOCUyN2ElNUJocmVmJTVFJTNEJTIyJTIzJTIyJTVEJTI3JTI5LmNsaWNrJTI4ZnVuY3Rpb24lMjglMjklMjAlN0IlMEElMjAlMjAlMjAlMjAlMjAlMjAlMjAlMjB2YXIlMjBocmVmJTIwJTNEJTIwJTI0LmF0dHIlMjh0aGlzJTJDJTIwJTI3aHJlZiUyNyUyOSUzQiUwQSUyMCUyMCUyMCUyMCUyMCUyMCUyMCUyMCUyNHJvb3QuYW5pbWF0ZSUyOCU3QiUwQSUyMCUyMCUyMCUyMCUyMCUyMCUyMCUyMCUyMCUyMCUyMCUyMHNjcm9sbFRvcCUzQSUyMCUyNCUyOGhyZWYlMjkub2Zmc2V0JTI4JTI5LnRvcCUwQSUyMCUyMCUyMCUyMCUyMCUyMCUyMCUyMCU3RCUyQyUyMDUwMCUyQyUyMGZ1bmN0aW9uJTIwJTI4JTI5JTIwJTdCJTBBJTIwJTIwJTIwJTIwJTIwJTIwJTIwJTIwJTIwJTIwJTIwJTIwd2luZG93LmxvY2F0aW9uLmhhc2glMjAlM0QlMjBocmVmJTNCJTBBJTIwJTIwJTIwJTIwJTIwJTIwJTIwJTIwJTdEJTI5JTNCJTBBJTIwJTIwJTIwJTIwJTIwJTIwJTIwJTIwJTIwJTBBJTIwJTIwJTIwJTIwJTIwJTIwJTIwJTIwcmV0dXJuJTIwZmFsc2UlM0IlMEElMjAlMjAlMjAlMjAlN0QlMjklM0IlMEElMjAlMEElN0QlMjklMEElM0MlMkZzY3JpcHQlM0U=[\/vc_raw_html][\/vc_column][\/vc_row][\/vc_section][vc_row][vc_column][\/vc_column][\/vc_row]<\/p>\n","protected":false},"excerpt":{"rendered":"[vc_section full_width=&#8221;stretch_row&#8221; css=&#8221;.vc_custom_1574971837233{background-image: url(\/\/www.sitrack.cl\/portal\/wp-content\/uploads\/sites\/3\/2019\/11\/background-MDVR.jpg?id=1088) !important;background-position: center !important;background-repeat: no-repeat !important;background-size: cover !important;}&#8221; el_id=&#8221;banner-landing&#8221;][vc_row el_class=&#8221;boxer&#8221;][vc_column][vc_row_inner][vc_column_inner el_class=&#8221;texts-banner&#8221; width=&#8221;7\/12&#8243;][vc_column_text css_animation=&#8221;fadeIn&#8221; el_class=&#8221;texts-banner&#8221;] MDVR Mobile Digital Video Recording videovigilancia en tiempo real para veh\u00edculos Cont\u00e1ctanos[\/vc_column_text][\/vc_column_inner][vc_column_inner width=&#8221;5\/12&#8243;][\/vc_column_inner][\/vc_row_inner][\/vc_column][\/vc_row][\/vc_section][vc_section full_width=&#8221;stretch_row&#8221; css_animation=&#8221;fadeIn&#8221; el_class=&#8221;parallax&#8221; css=&#8221;.vc_custom_1574971754903{background-image: url(\/\/www.sitrack.cl\/portal\/wp-content\/uploads\/sites\/3\/2019\/11\/fondo-paralax-MDVR.jpg?id=1090) !important;}&#8221; el_id=&#8221;informacion-1-landing&#8221;][vc_row content_placement=&#8221;middle&#8221; el_class=&#8221;boxer&#8221;][vc_column width=&#8221;1\/2&#8243; el_class=&#8221;column-izq&#8221;][vc_row_inner][vc_column_inner][vc_column_text css_animation=&#8221;fadeInLeft&#8221;] Mobile Digital Video Recording \u00bfQu\u00e9 es? El MDVR es un sistema de videovigilancia&#8230; <a class=\"view-article\" href=\"https:\/\/www.sitrack.cl\/portal\/mobile-digital-video-recording\/\">Ver art\u00edculo<\/a>","protected":false},"author":1,"featured_media":0,"parent":0,"menu_order":0,"comment_status":"closed","ping_status":"closed","template":"plantilla-landing-MDVR.php","meta":[],"yoast_head":"<!-- This site is optimized with the Yoast SEO plugin v15.5 - https:\/\/yoast.com\/wordpress\/plugins\/seo\/ -->\n<meta name=\"description\" content=\"El MDVR es un sistema de videovigilancia por medio de c\u00e1maras que puede instalarse en cualquier lugar del veh\u00edculo, cabina o zona de carga\" \/>\n<meta name=\"robots\" content=\"index, follow, max-snippet:-1, max-image-preview:large, max-video-preview:-1\" \/>\n<link rel=\"canonical\" href=\"https:\/\/www.sitrack.cl\/portal\/mobile-digital-video-recording\/\" \/>\n<meta property=\"og:locale\" content=\"es_ES\" \/>\n<meta property=\"og:type\" content=\"article\" \/>\n<meta property=\"og:title\" content=\"MDVR Mobile Digital Video Recording\" \/>\n<meta property=\"og:description\" content=\"El MDVR es un sistema de videovigilancia por medio de c\u00e1maras que puede instalarse en cualquier lugar del veh\u00edculo, cabina o zona de carga\" \/>\n<meta property=\"og:url\" content=\"https:\/\/www.sitrack.cl\/portal\/mobile-digital-video-recording\/\" \/>\n<meta property=\"og:site_name\" content=\"Sitrack Chile\" \/>\n<meta property=\"article:modified_time\" content=\"2020-04-07T13:45:56+00:00\" \/>\n<meta name=\"twitter:card\" content=\"summary\" \/>\n<meta name=\"twitter:label1\" content=\"Est. reading time\">\n\t<meta name=\"twitter:data1\" content=\"4 minutes\">\n<script type=\"application\/ld+json\" class=\"yoast-schema-graph\">{\"@context\":\"https:\/\/schema.org\",\"@graph\":[{\"@type\":\"WebSite\",\"@id\":\"https:\/\/www.sitrack.cl\/portal\/#website\",\"url\":\"https:\/\/www.sitrack.cl\/portal\/\",\"name\":\"Sitrack Chile\",\"description\":\"Soluciones Inteligentes\",\"potentialAction\":[{\"@type\":\"SearchAction\",\"target\":\"https:\/\/www.sitrack.cl\/portal\/?s={search_term_string}\",\"query-input\":\"required name=search_term_string\"}],\"inLanguage\":\"es-CL\"},{\"@type\":\"WebPage\",\"@id\":\"https:\/\/www.sitrack.cl\/portal\/mobile-digital-video-recording\/#webpage\",\"url\":\"https:\/\/www.sitrack.cl\/portal\/mobile-digital-video-recording\/\",\"name\":\"MDVR Mobile Digital Video Recording\",\"isPartOf\":{\"@id\":\"https:\/\/www.sitrack.cl\/portal\/#website\"},\"datePublished\":\"2020-03-23T21:04:34+00:00\",\"dateModified\":\"2020-04-07T13:45:56+00:00\",\"description\":\"El MDVR es un sistema de videovigilancia por medio de c\\u00e1maras que puede instalarse en cualquier lugar del veh\\u00edculo, cabina o zona de carga\",\"inLanguage\":\"es-CL\",\"potentialAction\":[{\"@type\":\"ReadAction\",\"target\":[\"https:\/\/www.sitrack.cl\/portal\/mobile-digital-video-recording\/\"]}]}]}<\/script>\n<!-- \/ Yoast SEO plugin. -->","_links":{"self":[{"href":"https:\/\/www.sitrack.cl\/portal\/wp-json\/wp\/v2\/pages\/1287"}],"collection":[{"href":"https:\/\/www.sitrack.cl\/portal\/wp-json\/wp\/v2\/pages"}],"about":[{"href":"https:\/\/www.sitrack.cl\/portal\/wp-json\/wp\/v2\/types\/page"}],"author":[{"embeddable":true,"href":"https:\/\/www.sitrack.cl\/portal\/wp-json\/wp\/v2\/users\/1"}],"replies":[{"embeddable":true,"href":"https:\/\/www.sitrack.cl\/portal\/wp-json\/wp\/v2\/comments?post=1287"}],"version-history":[{"count":4,"href":"https:\/\/www.sitrack.cl\/portal\/wp-json\/wp\/v2\/pages\/1287\/revisions"}],"predecessor-version":[{"id":1333,"href":"https:\/\/www.sitrack.cl\/portal\/wp-json\/wp\/v2\/pages\/1287\/revisions\/1333"}],"wp:attachment":[{"href":"https:\/\/www.sitrack.cl\/portal\/wp-json\/wp\/v2\/media?parent=1287"}],"curies":[{"name":"wp","href":"https:\/\/api.w.org\/{rel}","templated":true}]}}