{"id":1289,"date":"2020-03-23T21:06:27","date_gmt":"2020-03-23T21:06:27","guid":{"rendered":"http:\/\/www.sitrack.cl\/portal\/?page_id=1289"},"modified":"2023-04-27T17:14:34","modified_gmt":"2023-04-27T17:14:34","slug":"nueva-solucion-mobileye","status":"publish","type":"page","link":"https:\/\/www.sitrack.cl\/portal\/nueva-solucion-mobileye\/","title":{"rendered":"Mobileye 2020"},"content":{"rendered":"<p>[vc_section full_width=&#8221;stretch_row&#8221; css=&#8221;.vc_custom_1575646351769{background-image: url(\/\/www.sitrack.cl\/portal\/wp-content\/uploads\/sites\/3\/2019\/12\/banner-mobileye.jpg?id=1197) !important;background-position: center !important;background-repeat: no-repeat !important;background-size: cover !important;}&#8221; el_id=&#8221;banner-landing&#8221;][vc_row el_class=&#8221;boxer&#8221;][vc_column][vc_row_inner][vc_column_inner el_class=&#8221;texts-banner&#8221; width=&#8221;9\/12&#8243;][vc_column_text css_animation=&#8221;fadeIn&#8221; el_class=&#8221;texts-banner&#8221;]<\/p>\n<h1><strong>Nueva Soluci\u00f3n Mobileye<\/strong><br \/>\nL\u00edder Mundial en Prevenci\u00f3n de Colisiones<\/h1>\n<p><a class=\"btn\" href=\"#form-2\">Cont\u00e1ctanos<\/a>[\/vc_column_text][\/vc_column_inner][\/vc_row_inner][\/vc_column][\/vc_row][\/vc_section][vc_section full_width=&#8221;stretch_row&#8221; content_placement=&#8221;top&#8221; css_animation=&#8221;fadeIn&#8221; el_class=&#8221;parallax&#8221; el_id=&#8221;informacion-1-landing&#8221;][vc_row content_placement=&#8221;top&#8221; el_class=&#8221;boxer&#8221;][vc_column width=&#8221;1\/2&#8243; el_class=&#8221;column-izq&#8221;][vc_row_inner][vc_column_inner][vc_column_text css_animation=&#8221;fadeInLeft&#8221;]<\/p>\n<h2><strong>Sitrack Mobileye<\/strong><\/h2>\n<h3>\u00bfQu\u00e9 es?<\/h3>\n<p>En Sitrack buscamos ser un aliado en la prevenci\u00f3n de accidentes que afectan la rentabilidad de nuestros clientes.<br \/>\nSomos pioneros en la innovaci\u00f3n de soluciones que permiten la toma de decisiones encaminadas a que con la ayuda de la Telemetr\u00eda nuestros usuarios tomen las mejores decisiones para su negocio.<br \/>\nHemos incorporado a nuestro portafolio de productos el sistema Mobileye, esta tecnolog\u00eda permite la disminuci\u00f3n de accidentes causados por la distracci\u00f3n de los conductores.[\/vc_column_text][\/vc_column_inner][\/vc_row_inner][\/vc_column][vc_column css_animation=&#8221;fadeInRight&#8221; width=&#8221;1\/2&#8243; el_class=&#8221;ordenador column-der&#8221;][vc_column_text css_animation=&#8221;fadeInLeft&#8221;]<img loading=\"lazy\" class=\"logo-mobileye alignnone size-full wp-image-1201\" src=\"http:\/\/www.sitrack.cl\/portal\/wp-content\/uploads\/sites\/3\/2021\/01\/mobileye-distributors-logo-stacked-color-rgb.png\" alt=\"\" width=\"254\" height=\"206\" \/>[\/vc_column_text][\/vc_column][\/vc_row][\/vc_section][vc_section full_width=&#8221;stretch_row&#8221; css_animation=&#8221;fadeIn&#8221; el_id=&#8221;informacion-2-landing&#8221;][vc_row full_width=&#8221;stretch_row&#8221; el_class=&#8221;espacio-vacio&#8221; css=&#8221;.vc_custom_1575895373173{margin-top: -60px !important;background-color: #ffffff !important;}&#8221;][vc_column][\/vc_column][\/vc_row][vc_row equal_height=&#8221;yes&#8221; el_id=&#8221;fila-contenido&#8221; el_class=&#8221;boxer&#8221;][vc_column width=&#8221;1\/4&#8243; el_class=&#8221;cuadro&#8221;][vc_column_text]<img loading=\"lazy\" class=\"alignnone size-full wp-image-1203\" src=\"\/\/www.sitrack.cl\/portal\/wp-content\/uploads\/sites\/3\/2019\/12\/alerta-colision.png\" alt=\"\" width=\"660\" height=\"378\" srcset=\"https:\/\/www.sitrack.cl\/portal\/wp-content\/uploads\/sites\/3\/2019\/12\/alerta-colision.png 660w, https:\/\/www.sitrack.cl\/portal\/wp-content\/uploads\/sites\/3\/2019\/12\/alerta-colision-300x172.png 300w, https:\/\/www.sitrack.cl\/portal\/wp-content\/uploads\/sites\/3\/2019\/12\/alerta-colision-255x146.png 255w, https:\/\/www.sitrack.cl\/portal\/wp-content\/uploads\/sites\/3\/2019\/12\/alerta-colision-50x29.png 50w, https:\/\/www.sitrack.cl\/portal\/wp-content\/uploads\/sites\/3\/2019\/12\/alerta-colision-131x75.png 131w\" sizes=\"(max-width: 660px) 100vw, 660px\" \/><\/p>\n<h4>Alertas de colisi\u00f3n<\/h4>\n<ul>\n<li>Alerta frontal<\/li>\n<li>Alerta con peatones y ciclistas<\/li>\n<li>Alerta de salida de carril<\/li>\n<\/ul>\n<p>[\/vc_column_text][\/vc_column][vc_column width=&#8221;1\/4&#8243; el_class=&#8221;cuadro&#8221;][vc_column_text]<img loading=\"lazy\" class=\"alignnone size-full wp-image-1204\" src=\"\/\/www.sitrack.cl\/portal\/wp-content\/uploads\/sites\/3\/2019\/12\/advertencia-salva-vidas.png\" alt=\"\" width=\"670\" height=\"378\" srcset=\"https:\/\/www.sitrack.cl\/portal\/wp-content\/uploads\/sites\/3\/2019\/12\/advertencia-salva-vidas.png 670w, https:\/\/www.sitrack.cl\/portal\/wp-content\/uploads\/sites\/3\/2019\/12\/advertencia-salva-vidas-300x169.png 300w, https:\/\/www.sitrack.cl\/portal\/wp-content\/uploads\/sites\/3\/2019\/12\/advertencia-salva-vidas-260x146.png 260w, https:\/\/www.sitrack.cl\/portal\/wp-content\/uploads\/sites\/3\/2019\/12\/advertencia-salva-vidas-50x28.png 50w, https:\/\/www.sitrack.cl\/portal\/wp-content\/uploads\/sites\/3\/2019\/12\/advertencia-salva-vidas-133x75.png 133w\" sizes=\"(max-width: 670px) 100vw, 670px\" \/><\/p>\n<h4>Advertencia temprana salva vidas<\/h4>\n<ul>\n<li>Control inteligente de luces altas<\/li>\n<li>Alerta de distancia prudente<\/li>\n<li>Indicador de l\u00edmite de velocidad<\/li>\n<\/ul>\n<p>[\/vc_column_text][\/vc_column][vc_column width=&#8221;1\/4&#8243; el_class=&#8221;cuadro&#8221;][vc_column_text]<img loading=\"lazy\" class=\"alignnone size-full wp-image-1207\" src=\"\/\/www.sitrack.cl\/portal\/wp-content\/uploads\/sites\/3\/2020\/08\/Mobileye_EYEQ2.png\" alt=\"\" width=\"660\" height=\"378\" \/><\/p>\n<h4>ADAS<\/h4>\n<ul>\n<li>Asistencia a la conducci\u00f3n<\/li>\n<li>Visi\u00f3n artificial<\/li>\n<li>Detecci\u00f3n de riesgo potencial<\/li>\n<\/ul>\n<p>[\/vc_column_text][\/vc_column][vc_column width=&#8221;1\/4&#8243; el_class=&#8221;cuadro&#8221;][vc_column_text]<img loading=\"lazy\" class=\"alignnone size-full wp-image-1208\" src=\"\/\/www.sitrack.cl\/portal\/wp-content\/uploads\/sites\/3\/2019\/12\/shield.png\" alt=\"\" width=\"670\" height=\"378\" srcset=\"https:\/\/www.sitrack.cl\/portal\/wp-content\/uploads\/sites\/3\/2019\/12\/shield.png 670w, https:\/\/www.sitrack.cl\/portal\/wp-content\/uploads\/sites\/3\/2019\/12\/shield-300x169.png 300w, https:\/\/www.sitrack.cl\/portal\/wp-content\/uploads\/sites\/3\/2019\/12\/shield-260x146.png 260w, https:\/\/www.sitrack.cl\/portal\/wp-content\/uploads\/sites\/3\/2019\/12\/shield-50x28.png 50w, https:\/\/www.sitrack.cl\/portal\/wp-content\/uploads\/sites\/3\/2019\/12\/shield-133x75.png 133w\" sizes=\"(max-width: 670px) 100vw, 670px\" \/><\/p>\n<h4>Shield+<\/h4>\n<ul>\n<li>C\u00e1maras m\u00faltiples<\/li>\n<li>Detecci\u00f3n de peatones y ciclistas<\/li>\n<li>Soluci\u00f3n para \u00e1reas urbanas<\/li>\n<\/ul>\n<p>[\/vc_column_text][\/vc_column][\/vc_row][\/vc_section][vc_section full_width=&#8221;stretch_row&#8221; css=&#8221;.vc_custom_1575906623065{background-color: #ffffff !important;background-position: center !important;background-repeat: no-repeat !important;background-size: cover !important;}&#8221; el_id=&#8221;informacion-3-landing&#8221; el_class=&#8221;Dgrade&#8221;][vc_row el_class=&#8221;boxer&#8221;][vc_column width=&#8221;1\/2&#8243; el_class=&#8221;titulo&#8221;][vc_column_text]<\/p>\n<h2>Las tecnolog\u00edas de asistencia a la conducci\u00f3n, mediante visi\u00f3n artificial, permiten al veh\u00edculo ver y comprender<\/h2>\n<p>[\/vc_column_text][\/vc_column][vc_column width=&#8221;1\/2&#8243;][\/vc_column][\/vc_row][vc_row el_class=&#8221;boxer iconos cuatroColumnas&#8221;][vc_column width=&#8221;1\/2&#8243; el_class=&#8221;conIcono&#8221;][vc_single_image source=&#8221;external_link&#8221; alignment=&#8221;center&#8221; el_class=&#8221;icon&#8221; custom_src=&#8221;\/\/www.sitrack.cl\/portal\/wp-content\/uploads\/sites\/3\/2020\/08\/Alerts_EUR_shadow.png&#8221; el_id=&#8221;mobileye6&#8243;][vc_column_text el_class=&#8221;text-d-icon&#8221;]<\/p>\n<h4 style=\"text-align: center;\"><strong>Mobileye 6<\/strong><\/h4>\n<p>[\/vc_column_text][\/vc_column][vc_column width=&#8221;1\/2&#8243; el_class=&#8221;conIcono&#8221;][vc_single_image source=&#8221;external_link&#8221; alignment=&#8221;center&#8221; el_class=&#8221;icon&#8221; custom_src=&#8221;\/\/www.sitrack.cl\/portal\/wp-content\/uploads\/sites\/3\/2019\/12\/mobileye-shield.png&#8221;][vc_column_text el_class=&#8221;text-d-icon&#8221;]<\/p>\n<h4 style=\"text-align: center;\"><strong>Shield+<\/strong><\/h4>\n<p>[\/vc_column_text][\/vc_column][\/vc_row][vc_row el_class=&#8221;boxer&#8221;][vc_column][vc_raw_js][\/vc_raw_js][vc_raw_html el_class=&#8221;video-padding&#8221;]JTNDaDIlMjBzdHlsZSUzRCUyMnRleHQtYWxpZ24lM0ElMjBjZW50ZXIlM0IlMjIlM0UlQzIlQkZDJUMzJUIzbW8lMjBmdW5jaW9uYSUyMFNpdHJhY2slMjBNb2JpbGV5ZSUzRiUzQyUyRmgyJTNFJTBBJTNDc2NyaXB0JTIwc3JjJTNEJTIyJTJGJTJGYWpheC5nb29nbGVhcGlzLmNvbSUyRmFqYXglMkZsaWJzJTJGanF1ZXJ5JTJGMi4xLjElMkZqcXVlcnkubWluLmpzJTIyJTNFJTNDJTJGc2NyaXB0JTNFJTBBJTNDZGl2JTIwY2xhc3MlM0QlMjJ3cmFwcGVyJTIwY29udGVudC12aWRlbyUyMiUzRSUwQSUyMCUyMCUyMCUyMCUzQ3ZpZGVvJTIwY2xhc3MlM0QlMjJ2aWRlbyUyMiUzRSUwQSUyMCUyMCUyMCUyMCUyMCUyMCUyMCUyMCUzQ3NvdXJjZSUyMHNyYyUzRCUyMmh0dHBzJTNBJTJGJTJGd3d3LnNpdHJhY2suY29tJTJGcG9ydGFsJTJGZm9uZG9zJTJGTGF0YW1fRVNfRmluYWxfQWZ0ZXJtYXJrZXQ0Lm1wNCUyMiUyMHR5cGUlM0QlMjJ2aWRlbyUyRm1wNCUyMiUyMCUyRiUzRSUwQSUyMCUyMCUyMCUyMCUzQyUyRnZpZGVvJTNFJTBBJTIwJTIwJTNDZGl2JTIwY2xhc3MlM0QlMjJwbGF5cGF1c2UlMjIlM0UlM0MlMkZkaXYlM0UlMEElM0MlMkZkaXYlM0UlMEE=[\/vc_raw_html][vc_row_inner][vc_column_inner][vc_column_text el_class=&#8221;titulo-lista&#8221;]<\/p>\n<h2 style=\"text-align: center;\">En Sitrack buscamos ser un aliado en la prevenci\u00f3n de accidentes<\/h2>\n<p>[\/vc_column_text][\/vc_column_inner][\/vc_row_inner][\/vc_column][\/vc_row][vc_row css_animation=&#8221;none&#8221; el_class=&#8221;boxer&#8221;][vc_column width=&#8221;1\/2&#8243; el_class=&#8221;full&#8221;][vc_column_text css_animation=&#8221;fadeInRight&#8221;]<\/p>\n<ul>\n<li>Alerta de colisi\u00f3n frontal.<\/li>\n<li>Alerta de colisi\u00f3n con peatones y ciclistas.<\/li>\n<li>Alerta de salida de carril.<\/li>\n<li>Control inteligente de Luces Altas.<\/li>\n<li>Alerta de Distancia prudente<\/li>\n<li>Indicador de l\u00edmite de velocidad<\/li>\n<\/ul>\n<p>[\/vc_column_text][\/vc_column][vc_column width=&#8221;1\/2&#8243; el_class=&#8221;full&#8221;][vc_column_text css_animation=&#8221;fadeInRight&#8221;]<\/p>\n<ul>\n<li>Ahorro de dinero.<\/li>\n<li>Mejora significativamente los h\u00e1bitos de manejo.<\/li>\n<li>Herramienta efectiva de gesti\u00f3n de riesgos.<\/li>\n<li>Reduce el consumo de combustible.<\/li>\n<li>Mejora la responsabilidad social y corporativa.<\/li>\n<\/ul>\n<p>[\/vc_column_text][\/vc_column][\/vc_row][\/vc_section][vc_section full_width=&#8221;stretch_row&#8221; css=&#8221;.vc_custom_1574451915221{background-image: url(\/\/www.sitrack.cl\/portal\/wp-content\/uploads\/sites\/3\/2019\/11\/fondo-formulario.jpg?id=1024) !important;background-position: center !important;background-repeat: no-repeat !important;background-size: cover !important;}&#8221; el_id=&#8221;formulario-landing&#8221; el_class=&#8221;parallax&#8221;][vc_row css_animation=&#8221;fadeIn&#8221; el_id=&#8221;formulario&#8221; el_class=&#8221;boxer&#8221;][vc_column width=&#8221;1\/3&#8243;][vc_row_inner el_class=&#8221;col-50&#8243;][vc_column_inner width=&#8221;1\/12&#8243;][\/vc_column_inner][vc_column_inner width=&#8221;1\/12&#8243;][\/vc_column_inner][\/vc_row_inner][\/vc_column][vc_column width=&#8221;1\/3&#8243; el_class=&#8221;col-50&#8243;][vc_column_text]<\/p>\n<div id=\"form-2\"><\/div>\n<h2 style=\"text-align: center;\">\u00a1Nosotros te asesoramos!<\/h2>\n<p>[\/vc_column_text][vc_raw_html]JTNDJTIxLS0lNUJpZiUyMGx0ZSUyMElFJTIwOCU1RCUzRSUwQSUzQ3NjcmlwdCUyMGNoYXJzZXQlM0QlMjJ1dGYtOCUyMiUyMHR5cGUlM0QlMjJ0ZXh0JTJGamF2YXNjcmlwdCUyMiUyMHNyYyUzRCUyMiUyRiUyRmpzLmhzZm9ybXMubmV0JTJGZm9ybXMlMkZ2Mi1sZWdhY3kuanMlMjIlM0UlM0MlMkZzY3JpcHQlM0UlMEElM0MlMjElNUJlbmRpZiU1RC0tJTNFJTBBJTNDc2NyaXB0JTIwY2hhcnNldCUzRCUyMnV0Zi04JTIyJTIwdHlwZSUzRCUyMnRleHQlMkZqYXZhc2NyaXB0JTIyJTIwc3JjJTNEJTIyJTJGJTJGanMuaHNmb3Jtcy5uZXQlMkZmb3JtcyUyRnYyLmpzJTIyJTNFJTNDJTJGc2NyaXB0JTNFJTBBJTNDc2NyaXB0JTNFJTBBJTIwJTIwaGJzcHQuZm9ybXMuY3JlYXRlJTI4JTdCJTBBJTA5cG9ydGFsSWQlM0ElMjAlMjIyNDI3MTIxJTIyJTJDJTBBJTA5Zm9ybUlkJTNBJTIwJTIyZjkxOWEwZTAtYmM1Yi00YjRiLTljODItOGQxZWJhNTJhODFlJTIyJTBBJTdEJTI5JTNCJTBBJTNDJTJGc2NyaXB0JTNF[\/vc_raw_html][\/vc_column][vc_column width=&#8221;1\/3&#8243;][vc_raw_html]JTNDc2NyaXB0JTNFJTBBalF1ZXJ5JTI4ZG9jdW1lbnQlMjkucmVhZHklMjhmdW5jdGlvbiUyOCUyNCUyOSU3QiUwQSUyMCUyMCUyMCUyMHZhciUyMCUyNHJvb3QlMjAlM0QlMjAlMjQlMjglMjdodG1sJTJDJTIwYm9keSUyNyUyOSUzQiUwQSUyMCUyMCUyMCUyMCUyNCUyOCUyN2ElNUJocmVmJTVFJTNEJTIyJTIzJTIyJTVEJTI3JTI5LmNsaWNrJTI4ZnVuY3Rpb24lMjglMjklMjAlN0IlMEElMjAlMjAlMjAlMjAlMjAlMjAlMjAlMjB2YXIlMjBocmVmJTIwJTNEJTIwJTI0LmF0dHIlMjh0aGlzJTJDJTIwJTI3aHJlZiUyNyUyOSUzQiUwQSUyMCUyMCUyMCUyMCUyMCUyMCUyMCUyMCUyNHJvb3QuYW5pbWF0ZSUyOCU3QiUwQSUyMCUyMCUyMCUyMCUyMCUyMCUyMCUyMCUyMCUyMCUyMCUyMHNjcm9sbFRvcCUzQSUyMCUyNCUyOGhyZWYlMjkub2Zmc2V0JTI4JTI5LnRvcCUwQSUyMCUyMCUyMCUyMCUyMCUyMCUyMCUyMCU3RCUyQyUyMDUwMCUyQyUyMGZ1bmN0aW9uJTIwJTI4JTI5JTIwJTdCJTBBJTIwJTIwJTIwJTIwJTIwJTIwJTIwJTIwJTIwJTIwJTIwJTIwd2luZG93LmxvY2F0aW9uLmhhc2glMjAlM0QlMjBocmVmJTNCJTBBJTIwJTIwJTIwJTIwJTIwJTIwJTIwJTIwJTdEJTI5JTNCJTBBJTIwJTIwJTIwJTIwJTIwJTIwJTIwJTIwJTIwJTBBJTIwJTIwJTIwJTIwJTIwJTIwJTIwJTIwcmV0dXJuJTIwZmFsc2UlM0IlMEElMjAlMjAlMjAlMjAlN0QlMjklM0IlMEElMjAlMEElN0QlMjklMEElM0MlMkZzY3JpcHQlM0U=[\/vc_raw_html][\/vc_column][\/vc_row][\/vc_section][vc_row][vc_column][\/vc_column][\/vc_row]<\/p>\n","protected":false},"excerpt":{"rendered":"[vc_section full_width=&#8221;stretch_row&#8221; css=&#8221;.vc_custom_1575646351769{background-image: url(\/\/www.sitrack.cl\/portal\/wp-content\/uploads\/sites\/3\/2019\/12\/banner-mobileye.jpg?id=1197) !important;background-position: center !important;background-repeat: no-repeat !important;background-size: cover !important;}&#8221; el_id=&#8221;banner-landing&#8221;][vc_row el_class=&#8221;boxer&#8221;][vc_column][vc_row_inner][vc_column_inner el_class=&#8221;texts-banner&#8221; width=&#8221;9\/12&#8243;][vc_column_text css_animation=&#8221;fadeIn&#8221; el_class=&#8221;texts-banner&#8221;] Nueva Soluci\u00f3n Mobileye L\u00edder Mundial en Prevenci\u00f3n de Colisiones Cont\u00e1ctanos[\/vc_column_text][\/vc_column_inner][\/vc_row_inner][\/vc_column][\/vc_row][\/vc_section][vc_section full_width=&#8221;stretch_row&#8221; content_placement=&#8221;top&#8221; css_animation=&#8221;fadeIn&#8221; el_class=&#8221;parallax&#8221; el_id=&#8221;informacion-1-landing&#8221;][vc_row content_placement=&#8221;top&#8221; el_class=&#8221;boxer&#8221;][vc_column width=&#8221;1\/2&#8243; el_class=&#8221;column-izq&#8221;][vc_row_inner][vc_column_inner][vc_column_text css_animation=&#8221;fadeInLeft&#8221;] Sitrack Mobileye \u00bfQu\u00e9 es? En Sitrack buscamos ser un aliado en la prevenci\u00f3n de accidentes que afectan la&#8230; <a class=\"view-article\" href=\"https:\/\/www.sitrack.cl\/portal\/nueva-solucion-mobileye\/\">Ver art\u00edculo<\/a>","protected":false},"author":1,"featured_media":0,"parent":0,"menu_order":0,"comment_status":"closed","ping_status":"closed","template":"plantilla-landing-mobileye.php","meta":[],"yoast_head":"<!-- This site is optimized with the Yoast SEO plugin v15.5 - https:\/\/yoast.com\/wordpress\/plugins\/seo\/ -->\n<meta name=\"robots\" content=\"index, follow, max-snippet:-1, max-image-preview:large, max-video-preview:-1\" \/>\n<link rel=\"canonical\" href=\"https:\/\/www.sitrack.cl\/portal\/nueva-solucion-mobileye\/\" \/>\n<meta property=\"og:locale\" content=\"es_ES\" \/>\n<meta property=\"og:type\" content=\"article\" \/>\n<meta property=\"og:title\" content=\"Mobileye 2020 - Sitrack Chile\" \/>\n<meta property=\"og:description\" content=\"[vc_section full_width=&#8221;stretch_row&#8221; css=&#8221;.vc_custom_1575646351769{background-image: url(\/\/www.sitrack.cl\/portal\/wp-content\/uploads\/sites\/3\/2019\/12\/banner-mobileye.jpg?id=1197) !important;background-position: center !important;background-repeat: no-repeat !important;background-size: cover !important;}&#8221; el_id=&#8221;banner-landing&#8221;][vc_row el_class=&#8221;boxer&#8221;][vc_column][vc_row_inner][vc_column_inner el_class=&#8221;texts-banner&#8221; width=&#8221;9\/12&#8243;][vc_column_text css_animation=&#8221;fadeIn&#8221; el_class=&#8221;texts-banner&#8221;] Nueva Soluci\u00f3n Mobileye L\u00edder Mundial en Prevenci\u00f3n de Colisiones Cont\u00e1ctanos[\/vc_column_text][\/vc_column_inner][\/vc_row_inner][\/vc_column][\/vc_row][\/vc_section][vc_section full_width=&#8221;stretch_row&#8221; content_placement=&#8221;top&#8221; css_animation=&#8221;fadeIn&#8221; el_class=&#8221;parallax&#8221; el_id=&#8221;informacion-1-landing&#8221;][vc_row content_placement=&#8221;top&#8221; el_class=&#8221;boxer&#8221;][vc_column width=&#8221;1\/2&#8243; el_class=&#8221;column-izq&#8221;][vc_row_inner][vc_column_inner][vc_column_text css_animation=&#8221;fadeInLeft&#8221;] Sitrack Mobileye \u00bfQu\u00e9 es? En Sitrack buscamos ser un aliado en la prevenci\u00f3n de accidentes que afectan la... Ver art\u00edculo\" \/>\n<meta property=\"og:url\" content=\"https:\/\/www.sitrack.cl\/portal\/nueva-solucion-mobileye\/\" \/>\n<meta property=\"og:site_name\" content=\"Sitrack Chile\" \/>\n<meta property=\"article:modified_time\" content=\"2023-04-27T17:14:34+00:00\" \/>\n<meta property=\"og:image\" content=\"http:\/\/www.sitrack.cl\/portal\/wp-content\/uploads\/sites\/3\/2021\/01\/mobileye-distributors-logo-stacked-color-rgb.png\" \/>\n<meta name=\"twitter:card\" content=\"summary\" \/>\n<meta name=\"twitter:label1\" content=\"Est. reading time\">\n\t<meta name=\"twitter:data1\" content=\"4 minutes\">\n<script type=\"application\/ld+json\" class=\"yoast-schema-graph\">{\"@context\":\"https:\/\/schema.org\",\"@graph\":[{\"@type\":\"WebSite\",\"@id\":\"https:\/\/www.sitrack.cl\/portal\/#website\",\"url\":\"https:\/\/www.sitrack.cl\/portal\/\",\"name\":\"Sitrack Chile\",\"description\":\"Soluciones Inteligentes\",\"potentialAction\":[{\"@type\":\"SearchAction\",\"target\":\"https:\/\/www.sitrack.cl\/portal\/?s={search_term_string}\",\"query-input\":\"required name=search_term_string\"}],\"inLanguage\":\"es-CL\"},{\"@type\":\"ImageObject\",\"@id\":\"https:\/\/www.sitrack.cl\/portal\/nueva-solucion-mobileye\/#primaryimage\",\"inLanguage\":\"es-CL\",\"url\":\"http:\/\/www.sitrack.cl\/portal\/wp-content\/uploads\/sites\/3\/2021\/01\/mobileye-distributors-logo-stacked-color-rgb.png\"},{\"@type\":\"WebPage\",\"@id\":\"https:\/\/www.sitrack.cl\/portal\/nueva-solucion-mobileye\/#webpage\",\"url\":\"https:\/\/www.sitrack.cl\/portal\/nueva-solucion-mobileye\/\",\"name\":\"Mobileye 2020 - Sitrack Chile\",\"isPartOf\":{\"@id\":\"https:\/\/www.sitrack.cl\/portal\/#website\"},\"primaryImageOfPage\":{\"@id\":\"https:\/\/www.sitrack.cl\/portal\/nueva-solucion-mobileye\/#primaryimage\"},\"datePublished\":\"2020-03-23T21:06:27+00:00\",\"dateModified\":\"2023-04-27T17:14:34+00:00\",\"inLanguage\":\"es-CL\",\"potentialAction\":[{\"@type\":\"ReadAction\",\"target\":[\"https:\/\/www.sitrack.cl\/portal\/nueva-solucion-mobileye\/\"]}]}]}<\/script>\n<!-- \/ Yoast SEO plugin. -->","_links":{"self":[{"href":"https:\/\/www.sitrack.cl\/portal\/wp-json\/wp\/v2\/pages\/1289"}],"collection":[{"href":"https:\/\/www.sitrack.cl\/portal\/wp-json\/wp\/v2\/pages"}],"about":[{"href":"https:\/\/www.sitrack.cl\/portal\/wp-json\/wp\/v2\/types\/page"}],"author":[{"embeddable":true,"href":"https:\/\/www.sitrack.cl\/portal\/wp-json\/wp\/v2\/users\/1"}],"replies":[{"embeddable":true,"href":"https:\/\/www.sitrack.cl\/portal\/wp-json\/wp\/v2\/comments?post=1289"}],"version-history":[{"count":10,"href":"https:\/\/www.sitrack.cl\/portal\/wp-json\/wp\/v2\/pages\/1289\/revisions"}],"predecessor-version":[{"id":1463,"href":"https:\/\/www.sitrack.cl\/portal\/wp-json\/wp\/v2\/pages\/1289\/revisions\/1463"}],"wp:attachment":[{"href":"https:\/\/www.sitrack.cl\/portal\/wp-json\/wp\/v2\/media?parent=1289"}],"curies":[{"name":"wp","href":"https:\/\/api.w.org\/{rel}","templated":true}]}}