{"id":1291,"date":"2020-03-23T21:07:48","date_gmt":"2020-03-23T21:07:48","guid":{"rendered":"http:\/\/www.sitrack.cl\/portal\/?page_id=1291"},"modified":"2020-04-07T13:24:34","modified_gmt":"2020-04-07T13:24:34","slug":"optimizador-de-ruta","status":"publish","type":"page","link":"https:\/\/www.sitrack.cl\/portal\/optimizador-de-ruta\/","title":{"rendered":"Optimizador de ruta 2020"},"content":{"rendered":"<p>[vc_section full_width=&#8221;stretch_row&#8221; css=&#8221;.vc_custom_1574428159633{background-image: url(\/\/www.sitrack.cl\/portal\/wp-content\/uploads\/sites\/3\/2019\/11\/banner-optimizador-rutas-baja.jpg?id=1022) !important;background-position: center !important;background-repeat: no-repeat !important;background-size: cover !important;}&#8221; el_id=&#8221;banner-landing&#8221;][vc_row el_class=&#8221;boxer&#8221;][vc_column][vc_row_inner][vc_column_inner width=&#8221;7\/12&#8243;][vc_column_text css_animation=&#8221;fadeIn&#8221;]<\/p>\n<h1><strong>Optimizador de ruta personalizable<\/strong>, a la medida seg\u00fan los requerimientos de tu empresa<\/h1>\n<p><a class=\"btn\" href=\"#form-2\">Cont\u00e1ctanos<\/a>[\/vc_column_text][\/vc_column_inner][vc_column_inner width=&#8221;5\/12&#8243;][\/vc_column_inner][\/vc_row_inner][\/vc_column][\/vc_row][\/vc_section][vc_section full_width=&#8221;stretch_row&#8221; css=&#8221;.vc_custom_1574428208934{background-color: #ffffff !important;background-position: center !important;background-repeat: no-repeat !important;background-size: cover !important;}&#8221; el_id=&#8221;informacion-1-landing&#8221;][vc_row el_class=&#8221;boxer&#8221;][vc_column el_class=&#8221;movil movil-efecto&#8221;][vc_single_image image=&#8221;1025&#8243; img_size=&#8221;559 x 333&#8243; alignment=&#8221;center&#8221; css_animation=&#8221;none&#8221; el_class=&#8221;efecto-landing-2&#8243;][\/vc_column][\/vc_row][vc_row content_placement=&#8221;middle&#8221; el_class=&#8221;boxer&#8221;][vc_column width=&#8221;1\/2&#8243;][vc_row_inner][vc_column_inner][vc_column_text css_animation=&#8221;fadeInLeft&#8221;]<\/p>\n<h2><strong>Optimizador de ruta<\/strong><br \/>\n\u00bfQu\u00e9 es?<\/h2>\n<p>Software especializado que busca <strong>solucionar problemas de planificaci\u00f3n y gesti\u00f3n de rutas<\/strong>, ideal para empresas que cuentan con la realizaci\u00f3n de m\u00faltiples despachos a diario, permitiendo <strong>lograr tiempos de entrega adecuados<\/strong>, mejorando calidad de servicio y trabajo.<\/p>\n<p>Esta herramienta tecnol\u00f3gica es perfectamente <strong>configurable a las necesidades y objetivos de cada empresa<\/strong>, lo que la hace diferente.[\/vc_column_text][\/vc_column_inner][\/vc_row_inner][\/vc_column][vc_column css_animation=&#8221;fadeInRight&#8221; width=&#8221;1\/2&#8243; offset=&#8221;vc_hidden-sm vc_hidden-xs&#8221; el_class=&#8221;ordenador&#8221;][vc_single_image source=&#8221;external_link&#8221; alignment=&#8221;center&#8221; css_animation=&#8221;none&#8221; el_class=&#8221;efecto-landing-2&#8243; custom_src=&#8221;\/\/www.sitrack.cl\/portal\/wp-content\/uploads\/sites\/3\/2019\/11\/laptop-optimizador-baja-559&#215;333.png&#8221;][\/vc_column][\/vc_row][\/vc_section][vc_section full_width=&#8221;stretch_row&#8221; css_animation=&#8221;fadeIn&#8221; el_id=&#8221;informacion-2-landing&#8221; el_class=&#8221;parallax&#8221; css=&#8221;.vc_custom_1574451880251{background-image: url(http:\/\/www.sitrack.cl\/portal\/wp-content\/uploads\/sites\/3\/2019\/11\/fondo-paralax.jpg?id=1023) !important;}&#8221;][vc_row el_class=&#8221;boxer&#8221;][vc_column][vc_column_text]<\/p>\n<h2 style=\"text-align: center;\">\u00bfC\u00f3mo funciona el optimizador de rutas?<\/h2>\n<div id=\"gtx-trans\" style=\"position: absolute; left: -14px; top: 38px;\">\n<div class=\"gtx-trans-icon\"><\/div>\n<\/div>\n<p>[\/vc_column_text][vc_row_inner][vc_column_inner width=&#8221;1\/4&#8243;][vc_single_image source=&#8221;external_link&#8221; alignment=&#8221;center&#8221; css_animation=&#8221;fadeInUp&#8221; custom_src=&#8221;http:\/\/www.sitrack.cl\/portal\/wp-content\/uploads\/sites\/3\/svg\/paso-1-v2.svg&#8221; el_class=&#8221;sombreado&#8221;][vc_column_text]<img loading=\"lazy\" class=\"class-flecha class-par\" src=\"http:\/\/www.sitrack.cl\/portal\/wp-content\/uploads\/sites\/3\/svg\/fel.svg\" alt=\"flecha\" width=\"136\" height=\"auto\"><\/p>\n<h3 style=\"text-align: center;\">Paso 1<\/h3>\n<p class=\"parr\" style=\"text-align: center;\">Levantamiento detallado de la problem\u00e1tica y restricciones de la operaci\u00f3n\/empresa. (\u00bfEn que lugares\/zonas opera? \u00bfQu\u00e9 restricciones horarias existen?)<\/p>\n<p>[\/vc_column_text][\/vc_column_inner][vc_column_inner width=&#8221;1\/4&#8243;][vc_single_image source=&#8221;external_link&#8221; alignment=&#8221;center&#8221; css_animation=&#8221;fadeInUp&#8221; custom_src=&#8221;http:\/\/www.sitrack.cl\/portal\/wp-content\/uploads\/sites\/3\/svg\/paso-2-v2.svg&#8221; el_class=&#8221;sombreado&#8221;][vc_column_text]<img loading=\"lazy\" class=\"class-flecha class-inpar\" src=\"http:\/\/www.sitrack.cl\/portal\/wp-content\/uploads\/sites\/3\/svg\/fel.svg\" alt=\"flecha\" width=\"136\" height=\"auto\"><\/p>\n<h3 style=\"text-align: center;\">Paso 2<\/h3>\n<p class=\"parr\" style=\"text-align: center;\">Identificar la capacidad de los recursos y servicios de la problem\u00e1tica. (\u00bfCon qu\u00e9 recursos cuenta la empresa? camiones, buses, etc. y \u00bfCu\u00e1l es la capacidad de carga de cada uno?)<\/p>\n<p>[\/vc_column_text][\/vc_column_inner][vc_column_inner width=&#8221;1\/4&#8243;][vc_single_image source=&#8221;external_link&#8221; alignment=&#8221;center&#8221; css_animation=&#8221;fadeInUp&#8221; custom_src=&#8221;http:\/\/www.sitrack.cl\/portal\/wp-content\/uploads\/sites\/3\/svg\/paso-3-v2.svg&#8221; el_class=&#8221;sombreado&#8221;][vc_column_text]<img loading=\"lazy\" class=\"class-flecha class-par\" src=\"http:\/\/www.sitrack.cl\/portal\/wp-content\/uploads\/sites\/3\/svg\/fel.svg\" alt=\"flecha\" width=\"136\" height=\"auto\"><\/p>\n<h3 style=\"text-align: center;\">Paso 3<\/h3>\n<p class=\"parr\" style=\"text-align: center;\">Elegir las variables a optimizar (ahorro de combustible, conservaci\u00f3n de flota, disminuci\u00f3n en los tiempos de entrega, disminuci\u00f3n de Km recorridos, etc.)<\/p>\n<p>[\/vc_column_text][\/vc_column_inner][vc_column_inner width=&#8221;1\/4&#8243;][vc_single_image source=&#8221;external_link&#8221; alignment=&#8221;center&#8221; css_animation=&#8221;fadeInUp&#8221; custom_src=&#8221;http:\/\/www.sitrack.cl\/portal\/wp-content\/uploads\/sites\/3\/svg\/paso-4-v2.svg&#8221; el_class=&#8221;sombreado&#8221;][vc_column_text]<\/p>\n<h3 style=\"text-align: center;\">Paso 4<\/h3>\n<p class=\"parr\" style=\"text-align: center;\">Modelado de la soluci\u00f3n a la medida<\/p>\n<p>[\/vc_column_text][\/vc_column_inner][\/vc_row_inner][\/vc_column][\/vc_row][\/vc_section][vc_section full_width=&#8221;stretch_row&#8221; css=&#8221;.vc_custom_1580239120754{background-color: #ffffff !important;background-position: center !important;background-repeat: no-repeat !important;background-size: cover !important;}&#8221; el_id=&#8221;informacion-3-landing&#8221;][vc_row css_animation=&#8221;none&#8221; el_class=&#8221;boxer&#8221;][vc_column width=&#8221;1\/2&#8243; el_class=&#8221;movil-efecto&#8221;][vc_single_image source=&#8221;external_link&#8221; alignment=&#8221;center&#8221; css_animation=&#8221;fadeInLeft&#8221; custom_src=&#8221;\/\/www.sitrack.cl\/portal\/wp-content\/uploads\/sites\/3\/svg\/beneficios.svg&#8221; el_class=&#8221;efecto-landing-2&#8243;][vc_row_inner content_placement=&#8221;middle&#8221;][vc_column_inner width=&#8221;1\/2&#8243;][\/vc_column_inner][\/vc_row_inner][\/vc_column][vc_column width=&#8221;1\/2&#8243; el_class=&#8221;full&#8221;][vc_column_text css_animation=&#8221;fadeInRight&#8221;]<\/p>\n<h2>Principales beneficios de contar con un optimizador de ruta personalizado<\/h2>\n<ul>\n<li>Maximizar la cantidad de entrega de sus productos logrando el cumplimiento de promesa.<\/li>\n<li>Mejorar los tiempos de entrega.<\/li>\n<li>Minimizar kil\u00f3metros recorridos.<\/li>\n<li>Minimizar el uso de flota.<\/li>\n<li>Aumentar la productividad en las jornadas de trabajo.<\/li>\n<\/ul>\n<p>Contar con una ruta optimizada te permite ahorrar costos, mejorar productividad de tus recursos y sobre todo la fidelizaci\u00f3n de clientes que se convertir\u00e1n en promotores de la empresa.<\/p>\n<p><a class=\"btn\" href=\"#form-2\">M\u00e1s informaci\u00f3n<\/a>[\/vc_column_text][\/vc_column][\/vc_row][vc_row el_class=&#8221;sobrepuesto boxer&#8221;][vc_column width=&#8221;1\/2&#8243; el_class=&#8221;col1-sobreposicion&#8221;][vc_column_text css=&#8221;.vc_custom_1575316209732{margin-top: 100px !important;}&#8221;]<\/p>\n<h2>Optimizador de Rutas personalizable<\/h2>\n<p>As\u00ed funciona el software que est\u00e1 revolucionando la log\u00edstica de servicios a domicilio.<\/p>\n<p><a class=\"btn\" href=\"http:\/\/landing.sitrack.com\/optimizador-de-rutas\">Descarga gratis<\/a>[\/vc_column_text][\/vc_column][vc_column width=&#8221;1\/2&#8243; el_class=&#8221;col2-sobreposicion&#8221;][vc_single_image source=&#8221;external_link&#8221; alignment=&#8221;center&#8221; custom_src=&#8221;\/\/www.sitrack.cl\/portal\/wp-content\/uploads\/sites\/3\/2019\/12\/ebook-429&#215;495.png&#8221;][\/vc_column][\/vc_row][\/vc_section][vc_section full_width=&#8221;stretch_row&#8221; css=&#8221;.vc_custom_1574451915221{background-image: url(http:\/\/www.sitrack.cl\/portal\/wp-content\/uploads\/sites\/3\/2019\/11\/fondo-formulario.jpg?id=1024) !important;background-position: center !important;background-repeat: no-repeat !important;background-size: cover !important;}&#8221; el_id=&#8221;formulario-landing&#8221; el_class=&#8221;parallax&#8221;][vc_row css_animation=&#8221;fadeIn&#8221; el_class=&#8221;boxer&#8221;][vc_column width=&#8221;1\/3&#8243;][vc_row_inner el_class=&#8221;col-50&#8243;][vc_column_inner width=&#8221;1\/12&#8243;][\/vc_column_inner][vc_column_inner width=&#8221;1\/12&#8243;][\/vc_column_inner][\/vc_row_inner][\/vc_column][vc_column width=&#8221;1\/3&#8243; el_class=&#8221;col-50&#8243;][vc_column_text]<\/p>\n<div id=\"form-2\"><\/div>\n<h2 style=\"text-align: center;\">\u00a1Nosotros te asesoramos!<\/h2>\n<p>[\/vc_column_text][vc_raw_html]JTNDJTIxLS0lNUJpZiUyMGx0ZSUyMElFJTIwOCU1RCUzRSUwQSUzQ3NjcmlwdCUyMGNoYXJzZXQlM0QlMjJ1dGYtOCUyMiUyMHR5cGUlM0QlMjJ0ZXh0JTJGamF2YXNjcmlwdCUyMiUyMHNyYyUzRCUyMiUyRiUyRmpzLmhzZm9ybXMubmV0JTJGZm9ybXMlMkZ2Mi1sZWdhY3kuanMlMjIlM0UlM0MlMkZzY3JpcHQlM0UlMEElM0MlMjElNUJlbmRpZiU1RC0tJTNFJTBBJTNDc2NyaXB0JTIwY2hhcnNldCUzRCUyMnV0Zi04JTIyJTIwdHlwZSUzRCUyMnRleHQlMkZqYXZhc2NyaXB0JTIyJTIwc3JjJTNEJTIyJTJGJTJGanMuaHNmb3Jtcy5uZXQlMkZmb3JtcyUyRnYyLmpzJTIyJTNFJTNDJTJGc2NyaXB0JTNFJTBBJTNDc2NyaXB0JTNFJTBBJTIwJTIwaGJzcHQuZm9ybXMuY3JlYXRlJTI4JTdCJTBBJTA5cG9ydGFsSWQlM0ElMjAlMjIyNDI3MTIxJTIyJTJDJTBBJTA5Zm9ybUlkJTNBJTIwJTIyNTMwNTQyNWUtNWNkYi00MjllLThkNmYtZDQyMDc3NzM0MDI3JTIyJTBBJTdEJTI5JTNCJTBBJTNDJTJGc2NyaXB0JTNF[\/vc_raw_html][\/vc_column][vc_column width=&#8221;1\/3&#8243;][vc_raw_html]JTNDc2NyaXB0JTNFJTBBalF1ZXJ5JTI4ZG9jdW1lbnQlMjkucmVhZHklMjhmdW5jdGlvbiUyOCUyNCUyOSU3QiUwQSUyMCUyMCUyMCUyMHZhciUyMCUyNHJvb3QlMjAlM0QlMjAlMjQlMjglMjdodG1sJTJDJTIwYm9keSUyNyUyOSUzQiUwQSUyMCUyMCUyMCUyMCUyNCUyOCUyN2ElNUJocmVmJTVFJTNEJTIyJTIzJTIyJTVEJTI3JTI5LmNsaWNrJTI4ZnVuY3Rpb24lMjglMjklMjAlN0IlMEElMjAlMjAlMjAlMjAlMjAlMjAlMjAlMjB2YXIlMjBocmVmJTIwJTNEJTIwJTI0LmF0dHIlMjh0aGlzJTJDJTIwJTI3aHJlZiUyNyUyOSUzQiUwQSUyMCUyMCUyMCUyMCUyMCUyMCUyMCUyMCUyNHJvb3QuYW5pbWF0ZSUyOCU3QiUwQSUyMCUyMCUyMCUyMCUyMCUyMCUyMCUyMCUyMCUyMCUyMCUyMHNjcm9sbFRvcCUzQSUyMCUyNCUyOGhyZWYlMjkub2Zmc2V0JTI4JTI5LnRvcCUwQSUyMCUyMCUyMCUyMCUyMCUyMCUyMCUyMCU3RCUyQyUyMDUwMCUyQyUyMGZ1bmN0aW9uJTIwJTI4JTI5JTIwJTdCJTBBJTIwJTIwJTIwJTIwJTIwJTIwJTIwJTIwJTIwJTIwJTIwJTIwd2luZG93LmxvY2F0aW9uLmhhc2glMjAlM0QlMjBocmVmJTNCJTBBJTIwJTIwJTIwJTIwJTIwJTIwJTIwJTIwJTdEJTI5JTNCJTBBJTIwJTIwJTIwJTIwJTIwJTIwJTIwJTIwJTIwJTBBJTIwJTIwJTIwJTIwJTIwJTIwJTIwJTIwcmV0dXJuJTIwZmFsc2UlM0IlMEElMjAlMjAlMjAlMjAlN0QlMjklM0IlMEElMjAlMEElN0QlMjklMEElM0MlMkZzY3JpcHQlM0U=[\/vc_raw_html][\/vc_column][\/vc_row][\/vc_section][vc_row][vc_column][\/vc_column][\/vc_row]<\/p>\n","protected":false},"excerpt":{"rendered":"[vc_section full_width=&#8221;stretch_row&#8221; css=&#8221;.vc_custom_1574428159633{background-image: url(\/\/www.sitrack.cl\/portal\/wp-content\/uploads\/sites\/3\/2019\/11\/banner-optimizador-rutas-baja.jpg?id=1022) !important;background-position: center !important;background-repeat: no-repeat !important;background-size: cover !important;}&#8221; el_id=&#8221;banner-landing&#8221;][vc_row el_class=&#8221;boxer&#8221;][vc_column][vc_row_inner][vc_column_inner width=&#8221;7\/12&#8243;][vc_column_text css_animation=&#8221;fadeIn&#8221;] Optimizador de ruta personalizable, a la medida seg\u00fan los requerimientos de tu empresa Cont\u00e1ctanos[\/vc_column_text][\/vc_column_inner][vc_column_inner width=&#8221;5\/12&#8243;][\/vc_column_inner][\/vc_row_inner][\/vc_column][\/vc_row][\/vc_section][vc_section full_width=&#8221;stretch_row&#8221; css=&#8221;.vc_custom_1574428208934{background-color: #ffffff !important;background-position: center !important;background-repeat: no-repeat !important;background-size: cover !important;}&#8221; el_id=&#8221;informacion-1-landing&#8221;][vc_row el_class=&#8221;boxer&#8221;][vc_column el_class=&#8221;movil movil-efecto&#8221;][vc_single_image image=&#8221;1025&#8243; img_size=&#8221;559 x 333&#8243; alignment=&#8221;center&#8221; css_animation=&#8221;none&#8221; el_class=&#8221;efecto-landing-2&#8243;][\/vc_column][\/vc_row][vc_row content_placement=&#8221;middle&#8221; el_class=&#8221;boxer&#8221;][vc_column width=&#8221;1\/2&#8243;][vc_row_inner][vc_column_inner][vc_column_text css_animation=&#8221;fadeInLeft&#8221;]&#8230; <a class=\"view-article\" href=\"https:\/\/www.sitrack.cl\/portal\/optimizador-de-ruta\/\">Ver art\u00edculo<\/a>","protected":false},"author":1,"featured_media":0,"parent":0,"menu_order":0,"comment_status":"closed","ping_status":"closed","template":"plantilla-landing-Optimizador.php","meta":[],"yoast_head":"<!-- This site is optimized with the Yoast SEO plugin v15.5 - https:\/\/yoast.com\/wordpress\/plugins\/seo\/ -->\n<meta name=\"robots\" content=\"index, follow, max-snippet:-1, max-image-preview:large, max-video-preview:-1\" \/>\n<link rel=\"canonical\" href=\"https:\/\/www.sitrack.cl\/portal\/optimizador-de-ruta\/\" \/>\n<meta property=\"og:locale\" content=\"es_ES\" \/>\n<meta property=\"og:type\" content=\"article\" \/>\n<meta property=\"og:title\" content=\"Optimizador de ruta 2020 - Sitrack Chile\" \/>\n<meta property=\"og:description\" content=\"[vc_section full_width=&#8221;stretch_row&#8221; css=&#8221;.vc_custom_1574428159633{background-image: url(\/\/www.sitrack.cl\/portal\/wp-content\/uploads\/sites\/3\/2019\/11\/banner-optimizador-rutas-baja.jpg?id=1022) !important;background-position: center !important;background-repeat: no-repeat !important;background-size: cover !important;}&#8221; el_id=&#8221;banner-landing&#8221;][vc_row el_class=&#8221;boxer&#8221;][vc_column][vc_row_inner][vc_column_inner width=&#8221;7\/12&#8243;][vc_column_text css_animation=&#8221;fadeIn&#8221;] Optimizador de ruta personalizable, a la medida seg\u00fan los requerimientos de tu empresa Cont\u00e1ctanos[\/vc_column_text][\/vc_column_inner][vc_column_inner width=&#8221;5\/12&#8243;][\/vc_column_inner][\/vc_row_inner][\/vc_column][\/vc_row][\/vc_section][vc_section full_width=&#8221;stretch_row&#8221; css=&#8221;.vc_custom_1574428208934{background-color: #ffffff !important;background-position: center !important;background-repeat: no-repeat !important;background-size: cover !important;}&#8221; el_id=&#8221;informacion-1-landing&#8221;][vc_row el_class=&#8221;boxer&#8221;][vc_column el_class=&#8221;movil movil-efecto&#8221;][vc_single_image image=&#8221;1025&#8243; img_size=&#8221;559 x 333&#8243; alignment=&#8221;center&#8221; css_animation=&#8221;none&#8221; el_class=&#8221;efecto-landing-2&#8243;][\/vc_column][\/vc_row][vc_row content_placement=&#8221;middle&#8221; el_class=&#8221;boxer&#8221;][vc_column width=&#8221;1\/2&#8243;][vc_row_inner][vc_column_inner][vc_column_text css_animation=&#8221;fadeInLeft&#8221;]... Ver art\u00edculo\" \/>\n<meta property=\"og:url\" content=\"https:\/\/www.sitrack.cl\/portal\/optimizador-de-ruta\/\" \/>\n<meta property=\"og:site_name\" content=\"Sitrack Chile\" \/>\n<meta property=\"article:modified_time\" content=\"2020-04-07T13:24:34+00:00\" \/>\n<meta property=\"og:image\" content=\"http:\/\/www.sitrack.cl\/portal\/wp-content\/uploads\/sites\/3\/svg\/fel.svg\" \/>\n<meta name=\"twitter:card\" content=\"summary\" \/>\n<meta name=\"twitter:label1\" content=\"Est. reading time\">\n\t<meta name=\"twitter:data1\" content=\"4 minutes\">\n<script type=\"application\/ld+json\" class=\"yoast-schema-graph\">{\"@context\":\"https:\/\/schema.org\",\"@graph\":[{\"@type\":\"WebSite\",\"@id\":\"https:\/\/www.sitrack.cl\/portal\/#website\",\"url\":\"https:\/\/www.sitrack.cl\/portal\/\",\"name\":\"Sitrack Chile\",\"description\":\"Soluciones Inteligentes\",\"potentialAction\":[{\"@type\":\"SearchAction\",\"target\":\"https:\/\/www.sitrack.cl\/portal\/?s={search_term_string}\",\"query-input\":\"required name=search_term_string\"}],\"inLanguage\":\"es-CL\"},{\"@type\":\"ImageObject\",\"@id\":\"https:\/\/www.sitrack.cl\/portal\/optimizador-de-ruta\/#primaryimage\",\"inLanguage\":\"es-CL\",\"url\":\"http:\/\/www.sitrack.cl\/portal\/wp-content\/uploads\/sites\/3\/svg\/fel.svg\"},{\"@type\":\"WebPage\",\"@id\":\"https:\/\/www.sitrack.cl\/portal\/optimizador-de-ruta\/#webpage\",\"url\":\"https:\/\/www.sitrack.cl\/portal\/optimizador-de-ruta\/\",\"name\":\"Optimizador de ruta 2020 - Sitrack Chile\",\"isPartOf\":{\"@id\":\"https:\/\/www.sitrack.cl\/portal\/#website\"},\"primaryImageOfPage\":{\"@id\":\"https:\/\/www.sitrack.cl\/portal\/optimizador-de-ruta\/#primaryimage\"},\"datePublished\":\"2020-03-23T21:07:48+00:00\",\"dateModified\":\"2020-04-07T13:24:34+00:00\",\"inLanguage\":\"es-CL\",\"potentialAction\":[{\"@type\":\"ReadAction\",\"target\":[\"https:\/\/www.sitrack.cl\/portal\/optimizador-de-ruta\/\"]}]}]}<\/script>\n<!-- \/ Yoast SEO plugin. -->","_links":{"self":[{"href":"https:\/\/www.sitrack.cl\/portal\/wp-json\/wp\/v2\/pages\/1291"}],"collection":[{"href":"https:\/\/www.sitrack.cl\/portal\/wp-json\/wp\/v2\/pages"}],"about":[{"href":"https:\/\/www.sitrack.cl\/portal\/wp-json\/wp\/v2\/types\/page"}],"author":[{"embeddable":true,"href":"https:\/\/www.sitrack.cl\/portal\/wp-json\/wp\/v2\/users\/1"}],"replies":[{"embeddable":true,"href":"https:\/\/www.sitrack.cl\/portal\/wp-json\/wp\/v2\/comments?post=1291"}],"version-history":[{"count":4,"href":"https:\/\/www.sitrack.cl\/portal\/wp-json\/wp\/v2\/pages\/1291\/revisions"}],"predecessor-version":[{"id":1331,"href":"https:\/\/www.sitrack.cl\/portal\/wp-json\/wp\/v2\/pages\/1291\/revisions\/1331"}],"wp:attachment":[{"href":"https:\/\/www.sitrack.cl\/portal\/wp-json\/wp\/v2\/media?parent=1291"}],"curies":[{"name":"wp","href":"https:\/\/api.w.org\/{rel}","templated":true}]}}