{"id":1295,"date":"2020-03-23T21:13:19","date_gmt":"2020-03-23T21:13:19","guid":{"rendered":"http:\/\/www.sitrack.cl\/portal\/?page_id=1295"},"modified":"2022-08-05T17:03:53","modified_gmt":"2022-08-05T17:03:53","slug":"virtual-master-drive","status":"publish","type":"page","link":"https:\/\/www.sitrack.cl\/portal\/virtual-master-drive\/","title":{"rendered":"Virtual Master Drive 2020"},"content":{"rendered":"<p>[vc_section full_width=&#8221;stretch_row&#8221; css=&#8221;.vc_custom_1574951846732{background-image: url(http:\/\/www.sitrack.cl\/portal\/wp-content\/uploads\/sites\/3\/2019\/11\/banner-vmd.jpg?id=1068) !important;background-position: center !important;background-repeat: no-repeat !important;background-size: cover !important;}&#8221; el_id=&#8221;banner-landing&#8221;][vc_row el_class=&#8221;boxer&#8221;][vc_column][vc_row_inner][vc_column_inner width=&#8221;7\/12&#8243;][vc_column_text css_animation=&#8221;fadeIn&#8221;]<\/p>\n<h1><strong>VMD<br \/>\nVirtual Master Driver<\/strong><br \/>\nlo nuevo en asistencia en la conducci\u00f3n<\/h1>\n<p><a class=\"btn\" href=\"#form-2\">Cont\u00e1ctanos<\/a>[\/vc_column_text][\/vc_column_inner][vc_column_inner width=&#8221;5\/12&#8243;][\/vc_column_inner][\/vc_row_inner][\/vc_column][\/vc_row][\/vc_section][vc_section full_width=&#8221;stretch_row&#8221; css=&#8221;.vc_custom_1574428208934{background-color: #ffffff !important;background-position: center !important;background-repeat: no-repeat !important;background-size: cover !important;}&#8221; el_id=&#8221;informacion-1-landing&#8221;][vc_row el_class=&#8221;boxer&#8221;][vc_column el_class=&#8221;movil movil-efecto&#8221;][vc_single_image image=&#8221;1067&#8243; img_size=&#8221;559 x 333&#8243; alignment=&#8221;center&#8221; css_animation=&#8221;none&#8221; el_class=&#8221;efecto-landing-2&#8243;][\/vc_column][\/vc_row][vc_row content_placement=&#8221;middle&#8221; el_class=&#8221;boxer&#8221;][vc_column width=&#8221;1\/2&#8243;][vc_row_inner][vc_column_inner][vc_column_text css_animation=&#8221;fadeInLeft&#8221;]<\/p>\n<h2><strong>Virtual Master Driver<\/strong><br \/>\n\u00bfQu\u00e9 es?<\/h2>\n<p>Una potente APP desarrollada por Sitrack que permite lograr que los conductores ajusten su forma de manejo con buenas pr\u00e1cticas, logrando una considerable <strong>reducci\u00f3n en el consumo de combustible<\/strong>, as\u00ed como tambi\u00e9n <strong>prolongar la vida \u00fatil de los activos.<\/strong>[\/vc_column_text][\/vc_column_inner][\/vc_row_inner][\/vc_column][vc_column css_animation=&#8221;fadeInRight&#8221; width=&#8221;1\/2&#8243; offset=&#8221;vc_hidden-sm vc_hidden-xs&#8221; el_class=&#8221;ordenador&#8221;][vc_raw_html]JTNDdmlkZW8lMjBjbGFzcyUzRCUyMmVmZWN0by1sYW5kaW5nLTIlMjIlMjBpZCUzRCUyMnZpZGVvU2l0cmFjayUyMiUyMG11dGVkJTNEJTIyJTIyJTIwYXV0b3BsYXklM0QlMjIlMjIlMjBsb29wJTNEJTIyJTIyJTIwc3R5bGUlM0QlMjJtYXgtd2lkdGglM0E0NTBweCUyMCUyMWltcG9ydGFudCUzQiUyMG1hcmdpbiUzQTAlMjBhdXRvJTIwJTIxaW1wb3J0YW50JTNCJTIwZmxvYXQlM0Fub25lJTIwJTIxaW1wb3J0YW50JTNCJTIyJTNFJTBBJTIwJTIwJTIwJTIwJTIwJTIwJTIwJTIwJTIwJTIwJTIwJTIwJTIwJTIwJTIwJTIwJTIwJTIwJTIwJTIwJTIwJTIwJTIwJTIwJTIwJTIwJTIwJTIwJTIwJTIwJTIwJTIwJTIwJTIwJTIwJTIwJTNDc291cmNlJTIwc3JjJTNEJTIyaHR0cHMlM0ElMkYlMkZ3d3cuc2l0cmFjay5jb20lMkZwb3J0YWwlMkZ3cC1jb250ZW50JTJGdXBsb2FkcyUyRnNpdGVzJTJGMyUyRnN2ZyUyRnNpdHJhY2stbnVldm8ubXA0JTIyJTIwdHlwZSUzRCUyMnZpZGVvJTJGbXA0JTIyJTNFJTBBJTIwJTIwJTIwJTIwJTIwJTIwJTIwJTIwJTIwJTIwJTIwJTIwJTIwJTIwJTIwJTIwJTIwJTIwJTIwJTIwJTIwJTIwJTIwJTIwJTIwJTIwJTIwJTIwJTIwJTIwJTIwJTIwJTIwJTIwJTIwJTIwWW91ciUyMGJyb3dzZXIlMjBkb2VzJTIwbm90JTIwc3VwcG9ydCUyMHRoZSUyMHZpZGVvJTIwdGFnLiUwQSUyMCUyMCUyMCUyMCUyMCUyMCUyMCUyMCUyMCUyMCUyMCUyMCUyMCUyMCUyMCUyMCUyMCUyMCUyMCUyMCUyMCUyMCUyMCUyMCUyMCUyMCUyMCUyMCUyMCUyMCUyMCUyMCUzQyUyRnZpZGVvJTNF[\/vc_raw_html][\/vc_column][\/vc_row][\/vc_section][vc_section full_width=&#8221;stretch_row&#8221; parallax=&#8221;content-moving-fade&#8221; parallax_image=&#8221;1076&#8243; css=&#8221;.vc_custom_1575051805984{background: #ffffff url(http:\/\/www.sitrack.cl\/portal\/wp-content\/uploads\/sites\/3\/2019\/11\/fondo-paralax-bajo.jpg?id=1076) !important;background-position: center !important;background-repeat: no-repeat !important;background-size: cover !important;}&#8221; el_id=&#8221;informacion-3-landing&#8221;][vc_row css_animation=&#8221;none&#8221; css=&#8221;.vc_custom_1580744764517{margin-bottom: 30px !important;}&#8221; el_class=&#8221;boxer&#8221;][vc_column][vc_column_text css_animation=&#8221;fadeInRight&#8221; css=&#8221;.vc_custom_1574956513171{margin-bottom: 30px !important;}&#8221;]<\/p>\n<h2 style=\"text-align: center;\"><strong>\u00bfPor qu\u00e9 Virtual Master Driver?<\/strong><\/h2>\n<p>[\/vc_column_text][\/vc_column][\/vc_row][vc_row css_animation=&#8221;none&#8221; el_class=&#8221;boxer&#8221;][vc_column width=&#8221;1\/2&#8243; el_class=&#8221;full&#8221;][vc_column_text css_animation=&#8221;fadeInRight&#8221;]<\/p>\n<h3><strong>Problem\u00e1tica<\/strong><\/h3>\n<ul class=\"problematica\">\n<li>Gasto excesivo de combustible en tus camiones.<\/li>\n<li>Constantes aver\u00edas en tu flota.<\/li>\n<li>Exceso de velocidad.<\/li>\n<li>Mal manejo de tus conductores.<\/li>\n<li>Exceso de C\u00f3digos de Falla.<\/li>\n<\/ul>\n<p>[\/vc_column_text][vc_row_inner content_placement=&#8221;middle&#8221;][vc_column_inner width=&#8221;1\/2&#8243;][\/vc_column_inner][\/vc_row_inner][\/vc_column][vc_column width=&#8221;1\/2&#8243; el_class=&#8221;full&#8221;][vc_column_text css_animation=&#8221;fadeInRight&#8221;]<\/p>\n<h3><strong>Soluci\u00f3n<\/strong><\/h3>\n<ul>\n<li>Genera ahorros en Combustible, Mantenimiento y Reparaciones.<\/li>\n<li>Eval\u00faa a los conductores de la empresa y ayuda a corregir los malos h\u00e1bitos en el manejo de las unidades.<\/li>\n<li>Acceso a un ranking online por unidad o flota donde podr\u00e1n obtener informaci\u00f3n sobre el manejo de conductores.<\/li>\n<li>Sistema Autoconfigurable para cualquier marca y modelo de cami\u00f3n.<\/li>\n<li>Con la implementaci\u00f3n correcta del VMD se puede reducir el consumo de combustible entre un 5% y 10%.<\/li>\n<\/ul>\n<p>[\/vc_column_text][\/vc_column][\/vc_row][\/vc_section][vc_section full_width=&#8221;stretch_row&#8221; css=&#8221;.vc_custom_1574964273946{background-color: #ffffff !important;background-position: center !important;background-repeat: no-repeat !important;background-size: cover !important;}&#8221; el_id=&#8221;informacion-4-landing&#8221;][vc_row css_animation=&#8221;none&#8221; el_class=&#8221;boxer&#8221;][vc_column width=&#8221;1\/2&#8243; el_class=&#8221;movil-efecto&#8221;][vc_single_image source=&#8221;external_link&#8221; alignment=&#8221;center&#8221; css_animation=&#8221;none&#8221; el_class=&#8221;efecto-landing-2&#8243; custom_src=&#8221;\/\/www.sitrack.cl\/portal\/wp-content\/uploads\/sites\/3\/2019\/11\/laptop-vmd-500&#215;332.png&#8221;][vc_row_inner content_placement=&#8221;middle&#8221;][vc_column_inner width=&#8221;1\/2&#8243;][\/vc_column_inner][\/vc_row_inner][\/vc_column][vc_column width=&#8221;1\/2&#8243; el_class=&#8221;full&#8221;][vc_column_text css_animation=&#8221;fadeInRight&#8221;]<\/p>\n<h2><strong>Ranking de Conductores<\/strong><\/h2>\n<p>Esta aplicaci\u00f3n cuenta con una herramienta de <strong>Ranking de Conductores<\/strong>, donde se va evaluando a cada usuario en distintos aspectos de la conducci\u00f3n eficiente, siendo los principales aspectos:<\/p>\n<ul>\n<li>Coasting (veleo seguro).<\/li>\n<li>Uso eficiente de la carga de motor.<\/li>\n<li>Uso de asistencia de frenado (retardador, freno de motor, etc.).<\/li>\n<li>Trabajo en \u00e1reas eficientes de motor (m\u00ednimo consumo y m\u00e1ximo torque).<\/li>\n<li>Control crucero eficiente.<\/li>\n<\/ul>\n<p><a class=\"btn\" href=\"#form-2\">M\u00e1s informaci\u00f3n<\/a>[\/vc_column_text][\/vc_column][\/vc_row][\/vc_section][vc_section full_width=&#8221;stretch_row&#8221; css=&#8221;.vc_custom_1574451915221{background-image: url(http:\/\/www.sitrack.cl\/portal\/wp-content\/uploads\/sites\/3\/2019\/11\/fondo-formulario.jpg?id=1024) !important;background-position: center !important;background-repeat: no-repeat !important;background-size: cover !important;}&#8221; el_id=&#8221;formulario-landing&#8221; el_class=&#8221;parallax&#8221;][vc_row css_animation=&#8221;fadeIn&#8221; el_class=&#8221;boxer&#8221;][vc_column width=&#8221;1\/3&#8243;][vc_row_inner el_class=&#8221;col-50&#8243;][vc_column_inner width=&#8221;1\/12&#8243;][\/vc_column_inner][vc_column_inner width=&#8221;1\/12&#8243;][\/vc_column_inner][\/vc_row_inner][\/vc_column][vc_column width=&#8221;1\/3&#8243; el_class=&#8221;col-50&#8243;][vc_column_text]<\/p>\n<div id=\"form-2\"><\/div>\n<h2 style=\"text-align: center;\">\u00a1Nosotros te asesoramos!<\/h2>\n<p>[\/vc_column_text][vc_raw_html]JTNDJTIxLS0lNUJpZiUyMGx0ZSUyMElFJTIwOCU1RCUzRSUwQSUzQ3NjcmlwdCUyMGNoYXJzZXQlM0QlMjJ1dGYtOCUyMiUyMHR5cGUlM0QlMjJ0ZXh0JTJGamF2YXNjcmlwdCUyMiUyMHNyYyUzRCUyMiUyRiUyRmpzLmhzZm9ybXMubmV0JTJGZm9ybXMlMkZ2Mi1sZWdhY3kuanMlMjIlM0UlM0MlMkZzY3JpcHQlM0UlMEElM0MlMjElNUJlbmRpZiU1RC0tJTNFJTBBJTNDc2NyaXB0JTIwY2hhcnNldCUzRCUyMnV0Zi04JTIyJTIwdHlwZSUzRCUyMnRleHQlMkZqYXZhc2NyaXB0JTIyJTIwc3JjJTNEJTIyJTJGJTJGanMuaHNmb3Jtcy5uZXQlMkZmb3JtcyUyRnYyLmpzJTIyJTNFJTNDJTJGc2NyaXB0JTNFJTBBJTNDc2NyaXB0JTNFJTBBJTIwJTIwaGJzcHQuZm9ybXMuY3JlYXRlJTI4JTdCJTBBJTA5cG9ydGFsSWQlM0ElMjAlMjIyNDI3MTIxJTIyJTJDJTBBJTA5Zm9ybUlkJTNBJTIwJTIyZWE2YTkyZTEtMDlhZC00ZGEwLWJkNjItMGE1Y2UxYjZhNGZlJTIyJTBBJTdEJTI5JTNCJTBBJTNDJTJGc2NyaXB0JTNF[\/vc_raw_html][\/vc_column][vc_column width=&#8221;1\/3&#8243;][vc_raw_html]JTNDc2NyaXB0JTNFJTBBalF1ZXJ5JTI4ZG9jdW1lbnQlMjkucmVhZHklMjhmdW5jdGlvbiUyOCUyNCUyOSU3QiUwQSUyMCUyMCUyMCUyMHZhciUyMCUyNHJvb3QlMjAlM0QlMjAlMjQlMjglMjdodG1sJTJDJTIwYm9keSUyNyUyOSUzQiUwQSUyMCUyMCUyMCUyMCUyNCUyOCUyN2ElNUJocmVmJTVFJTNEJTIyJTIzJTIyJTVEJTI3JTI5LmNsaWNrJTI4ZnVuY3Rpb24lMjglMjklMjAlN0IlMEElMjAlMjAlMjAlMjAlMjAlMjAlMjAlMjB2YXIlMjBocmVmJTIwJTNEJTIwJTI0LmF0dHIlMjh0aGlzJTJDJTIwJTI3aHJlZiUyNyUyOSUzQiUwQSUyMCUyMCUyMCUyMCUyMCUyMCUyMCUyMCUyNHJvb3QuYW5pbWF0ZSUyOCU3QiUwQSUyMCUyMCUyMCUyMCUyMCUyMCUyMCUyMCUyMCUyMCUyMCUyMHNjcm9sbFRvcCUzQSUyMCUyNCUyOGhyZWYlMjkub2Zmc2V0JTI4JTI5LnRvcCUwQSUyMCUyMCUyMCUyMCUyMCUyMCUyMCUyMCU3RCUyQyUyMDUwMCUyQyUyMGZ1bmN0aW9uJTIwJTI4JTI5JTIwJTdCJTBBJTIwJTIwJTIwJTIwJTIwJTIwJTIwJTIwJTIwJTIwJTIwJTIwd2luZG93LmxvY2F0aW9uLmhhc2glMjAlM0QlMjBocmVmJTNCJTBBJTIwJTIwJTIwJTIwJTIwJTIwJTIwJTIwJTdEJTI5JTNCJTBBJTIwJTIwJTIwJTIwJTIwJTIwJTIwJTIwJTIwJTBBJTIwJTIwJTIwJTIwJTIwJTIwJTIwJTIwcmV0dXJuJTIwZmFsc2UlM0IlMEElMjAlMjAlMjAlMjAlN0QlMjklM0IlMEElMjAlMEElN0QlMjklMEElM0MlMkZzY3JpcHQlM0U=[\/vc_raw_html][\/vc_column][\/vc_row][\/vc_section][vc_row][vc_column][\/vc_column][\/vc_row]<\/p>\n","protected":false},"excerpt":{"rendered":"[vc_section full_width=&#8221;stretch_row&#8221; css=&#8221;.vc_custom_1574951846732{background-image: url(http:\/\/www.sitrack.cl\/portal\/wp-content\/uploads\/sites\/3\/2019\/11\/banner-vmd.jpg?id=1068) !important;background-position: center !important;background-repeat: no-repeat !important;background-size: cover !important;}&#8221; el_id=&#8221;banner-landing&#8221;][vc_row el_class=&#8221;boxer&#8221;][vc_column][vc_row_inner][vc_column_inner width=&#8221;7\/12&#8243;][vc_column_text css_animation=&#8221;fadeIn&#8221;] VMD Virtual Master Driver lo nuevo en asistencia en la conducci\u00f3n Cont\u00e1ctanos[\/vc_column_text][\/vc_column_inner][vc_column_inner width=&#8221;5\/12&#8243;][\/vc_column_inner][\/vc_row_inner][\/vc_column][\/vc_row][\/vc_section][vc_section full_width=&#8221;stretch_row&#8221; css=&#8221;.vc_custom_1574428208934{background-color: #ffffff !important;background-position: center !important;background-repeat: no-repeat !important;background-size: cover !important;}&#8221; el_id=&#8221;informacion-1-landing&#8221;][vc_row el_class=&#8221;boxer&#8221;][vc_column el_class=&#8221;movil movil-efecto&#8221;][vc_single_image image=&#8221;1067&#8243; img_size=&#8221;559 x 333&#8243; alignment=&#8221;center&#8221; css_animation=&#8221;none&#8221; el_class=&#8221;efecto-landing-2&#8243;][\/vc_column][\/vc_row][vc_row content_placement=&#8221;middle&#8221; el_class=&#8221;boxer&#8221;][vc_column width=&#8221;1\/2&#8243;][vc_row_inner][vc_column_inner][vc_column_text css_animation=&#8221;fadeInLeft&#8221;] Virtual Master&#8230; <a class=\"view-article\" href=\"https:\/\/www.sitrack.cl\/portal\/virtual-master-drive\/\">Ver art\u00edculo<\/a>","protected":false},"author":1,"featured_media":0,"parent":0,"menu_order":0,"comment_status":"closed","ping_status":"closed","template":"plantilla-landing-Virtual-Master-Drive.php","meta":[],"yoast_head":"<!-- This site is optimized with the Yoast SEO plugin v15.5 - https:\/\/yoast.com\/wordpress\/plugins\/seo\/ -->\n<meta name=\"description\" content=\"Una potente APP desarrollada por Sitrack que permite lograr que los conductores ajusten su forma de manejo con buenas pr\u00e1cticas.\" \/>\n<meta name=\"robots\" content=\"index, follow, max-snippet:-1, max-image-preview:large, max-video-preview:-1\" \/>\n<link rel=\"canonical\" href=\"https:\/\/www.sitrack.cl\/portal\/virtual-master-drive\/\" \/>\n<meta property=\"og:locale\" content=\"es_ES\" \/>\n<meta property=\"og:type\" content=\"article\" \/>\n<meta property=\"og:title\" content=\"VMD Virtual Master Driver | Sitrack Chile\" \/>\n<meta property=\"og:description\" content=\"Una potente APP desarrollada por Sitrack que permite lograr que los conductores ajusten su forma de manejo con buenas pr\u00e1cticas.\" \/>\n<meta property=\"og:url\" content=\"https:\/\/www.sitrack.cl\/portal\/virtual-master-drive\/\" \/>\n<meta property=\"og:site_name\" content=\"Sitrack Chile\" \/>\n<meta property=\"article:modified_time\" content=\"2022-08-05T17:03:53+00:00\" \/>\n<meta name=\"twitter:card\" content=\"summary\" \/>\n<meta name=\"twitter:label1\" content=\"Est. reading time\">\n\t<meta name=\"twitter:data1\" content=\"4 minutes\">\n<script type=\"application\/ld+json\" class=\"yoast-schema-graph\">{\"@context\":\"https:\/\/schema.org\",\"@graph\":[{\"@type\":\"WebSite\",\"@id\":\"https:\/\/www.sitrack.cl\/portal\/#website\",\"url\":\"https:\/\/www.sitrack.cl\/portal\/\",\"name\":\"Sitrack Chile\",\"description\":\"Soluciones Inteligentes\",\"potentialAction\":[{\"@type\":\"SearchAction\",\"target\":\"https:\/\/www.sitrack.cl\/portal\/?s={search_term_string}\",\"query-input\":\"required name=search_term_string\"}],\"inLanguage\":\"es-CL\"},{\"@type\":\"WebPage\",\"@id\":\"https:\/\/www.sitrack.cl\/portal\/virtual-master-drive\/#webpage\",\"url\":\"https:\/\/www.sitrack.cl\/portal\/virtual-master-drive\/\",\"name\":\"VMD Virtual Master Driver | Sitrack Chile\",\"isPartOf\":{\"@id\":\"https:\/\/www.sitrack.cl\/portal\/#website\"},\"datePublished\":\"2020-03-23T21:13:19+00:00\",\"dateModified\":\"2022-08-05T17:03:53+00:00\",\"description\":\"Una potente APP desarrollada por Sitrack que permite lograr que los conductores ajusten su forma de manejo con buenas pr\\u00e1cticas.\",\"inLanguage\":\"es-CL\",\"potentialAction\":[{\"@type\":\"ReadAction\",\"target\":[\"https:\/\/www.sitrack.cl\/portal\/virtual-master-drive\/\"]}]}]}<\/script>\n<!-- \/ Yoast SEO plugin. -->","_links":{"self":[{"href":"https:\/\/www.sitrack.cl\/portal\/wp-json\/wp\/v2\/pages\/1295"}],"collection":[{"href":"https:\/\/www.sitrack.cl\/portal\/wp-json\/wp\/v2\/pages"}],"about":[{"href":"https:\/\/www.sitrack.cl\/portal\/wp-json\/wp\/v2\/types\/page"}],"author":[{"embeddable":true,"href":"https:\/\/www.sitrack.cl\/portal\/wp-json\/wp\/v2\/users\/1"}],"replies":[{"embeddable":true,"href":"https:\/\/www.sitrack.cl\/portal\/wp-json\/wp\/v2\/comments?post=1295"}],"version-history":[{"count":4,"href":"https:\/\/www.sitrack.cl\/portal\/wp-json\/wp\/v2\/pages\/1295\/revisions"}],"predecessor-version":[{"id":1390,"href":"https:\/\/www.sitrack.cl\/portal\/wp-json\/wp\/v2\/pages\/1295\/revisions\/1390"}],"wp:attachment":[{"href":"https:\/\/www.sitrack.cl\/portal\/wp-json\/wp\/v2\/media?parent=1295"}],"curies":[{"name":"wp","href":"https:\/\/api.w.org\/{rel}","templated":true}]}}